{"id":96056,"date":"2026-03-25T20:56:34","date_gmt":"2026-03-25T20:56:34","guid":{"rendered":"https:\/\/www.balsugida.com\/?page_id=96056"},"modified":"2026-04-27T11:01:14","modified_gmt":"2026-04-27T11:01:14","slug":"nuestras-actividades","status":"publish","type":"page","link":"https:\/\/www.balsugida.com\/es\/nuestras-actividades\/","title":{"rendered":"Nuestras actividades"},"content":{"rendered":"<div data-elementor-type=\"wp-page\" data-elementor-id=\"96056\" class=\"elementor elementor-96056\" data-elementor-post-type=\"page\">\n\t\t\t\t<div class=\"elementor-element elementor-element-2a7649c e-con-full e-flex e-con e-parent\" data-id=\"2a7649c\" data-element_type=\"container\">\n\t\t<div class=\"elementor-element elementor-element-f69f879 e-con-full e-flex e-con e-child\" data-id=\"f69f879\" data-element_type=\"container\" data-settings=\"{&quot;background_background&quot;:&quot;classic&quot;}\">\n\t\t\t\t<div class=\"elementor-element elementor-element-7969b69 ikonbox elementor-position-top elementor-widget elementor-widget-image-box\" data-id=\"7969b69\" data-element_type=\"widget\" data-widget_type=\"image-box.default\">\n\t\t\t\t\t<div class=\"elementor-image-box-wrapper\"><figure class=\"elementor-image-box-img\"><img fetchpriority=\"high\" decoding=\"async\" width=\"532\" height=\"532\" src=\"https:\/\/www.balsugida.com\/wp-content\/uploads\/2026\/04\/ikon1@4xx.svg\" class=\"attachment-full size-full wp-image-96814\" alt=\"\" \/><\/figure><div class=\"elementor-image-box-content\"><h3 class=\"elementor-image-box-title\">Valor mundial<\/h3><p class=\"elementor-image-box-description\">Balsu contin\u00faa con determinaci\u00f3n su camino para convertirse en un l\u00edder mundial en la industria mundial de la avellana.<\/p><\/div><\/div>\t\t\t\t<\/div>\n\t\t\t\t<div class=\"elementor-element elementor-element-6188183 elementor-align-center elementor-widget elementor-widget-the7_button_widget\" data-id=\"6188183\" data-element_type=\"widget\" data-widget_type=\"the7_button_widget.default\">\n\t\t\t\t<div class=\"elementor-widget-container\">\n\t\t\t\t\t<div class=\"elementor-button-wrapper\"><a href=\"https:\/\/www.balsugida.com\/es\/valor-mundial\/\" class=\"box-button elementor-button elementor-size-sm\">Revisar<svg xmlns=\"http:\/\/www.w3.org\/2000\/svg\" id=\"Layer_2\" data-name=\"Layer 2\" viewbox=\"0 0 35.93 27.4\"><defs><style>      .cls-1 {        fill: none;        stroke: #fff;        stroke-miterlimit: 10;        stroke-width: .89px;      }    <\/style><\/defs><g id=\"Layer_1-2\" data-name=\"Layer 1\"><g><line class=\"cls-1\" y1=\"13.7\" x2=\"35.3\" y2=\"13.7\"><\/line><polyline class=\"cls-1\" points=\"21.91 .32 35.3 13.7 21.91 27.09\"><\/polyline><\/g><\/g><\/svg><\/a><\/div>\t\t\t\t<\/div>\n\t\t\t\t<\/div>\n\t\t\t\t<\/div>\n\t\t<div class=\"elementor-element elementor-element-5b4202e e-con-full e-flex e-con e-child\" data-id=\"5b4202e\" data-element_type=\"container\" data-settings=\"{&quot;background_background&quot;:&quot;classic&quot;}\">\n\t\t\t\t<div class=\"elementor-element elementor-element-7a5d14e ikonbox elementor-position-top elementor-widget elementor-widget-image-box\" data-id=\"7a5d14e\" data-element_type=\"widget\" data-widget_type=\"image-box.default\">\n\t\t\t\t\t<div class=\"elementor-image-box-wrapper\"><figure class=\"elementor-image-box-img\"><img decoding=\"async\" width=\"531\" height=\"531\" src=\"https:\/\/www.balsugida.com\/wp-content\/uploads\/2026\/04\/ikon2@4xx.svg\" class=\"attachment-full size-full wp-image-96815\" alt=\"\" \/><\/figure><div class=\"elementor-image-box-content\"><h3 class=\"elementor-image-box-title\">Comercio mundial<\/h3><p class=\"elementor-image-box-description\">Balsu est\u00e1 creciendo a\u00fan m\u00e1s en el comercio mundial gracias a su red de suministro y producci\u00f3n que abarca diferentes continentes.<\/p><\/div><\/div>\t\t\t\t<\/div>\n\t\t\t\t<div class=\"elementor-element elementor-element-d0a9708 elementor-align-center elementor-widget elementor-widget-the7_button_widget\" data-id=\"d0a9708\" data-element_type=\"widget\" data-widget_type=\"the7_button_widget.default\">\n\t\t\t\t<div class=\"elementor-widget-container\">\n\t\t\t\t\t<div class=\"elementor-button-wrapper\"><a href=\"https:\/\/www.balsugida.com\/es\/comercio-mundial\/\" class=\"box-button elementor-button elementor-size-sm\">Revisar<svg xmlns=\"http:\/\/www.w3.org\/2000\/svg\" id=\"Layer_2\" data-name=\"Layer 2\" viewbox=\"0 0 35.93 27.4\"><defs><style>      .cls-1 {        fill: none;        stroke: #fff;        stroke-miterlimit: 10;        stroke-width: .89px;      }    <\/style><\/defs><g id=\"Layer_1-2\" data-name=\"Layer 1\"><g><line class=\"cls-1\" y1=\"13.7\" x2=\"35.3\" y2=\"13.7\"><\/line><polyline class=\"cls-1\" points=\"21.91 .32 35.3 13.7 21.91 27.09\"><\/polyline><\/g><\/g><\/svg><\/a><\/div>\t\t\t\t<\/div>\n\t\t\t\t<\/div>\n\t\t\t\t<\/div>\n\t\t<div class=\"elementor-element elementor-element-e4d6d59 e-con-full e-flex e-con e-child\" data-id=\"e4d6d59\" data-element_type=\"container\" data-settings=\"{&quot;background_background&quot;:&quot;classic&quot;}\">\n\t\t\t\t<div class=\"elementor-element elementor-element-f0aba0b ikonbox elementor-position-top elementor-widget elementor-widget-image-box\" data-id=\"f0aba0b\" data-element_type=\"widget\" data-widget_type=\"image-box.default\">\n\t\t\t\t\t<div class=\"elementor-image-box-wrapper\"><figure class=\"elementor-image-box-img\"><img decoding=\"async\" width=\"533\" height=\"532\" src=\"https:\/\/www.balsugida.com\/wp-content\/uploads\/2026\/04\/ikon3@4x.svg\" class=\"attachment-full size-full wp-image-96810\" alt=\"\" \/><\/figure><div class=\"elementor-image-box-content\"><h3 class=\"elementor-image-box-title\">Carb\u00f3n activado<\/h3><p class=\"elementor-image-box-description\">Balsu est\u00e1 agregando valor a sus activos con su inversi\u00f3n en carb\u00f3n activado.<\/p><\/div><\/div>\t\t\t\t<\/div>\n\t\t\t\t<div class=\"elementor-element elementor-element-b61522d elementor-align-center elementor-widget elementor-widget-the7_button_widget\" data-id=\"b61522d\" data-element_type=\"widget\" data-widget_type=\"the7_button_widget.default\">\n\t\t\t\t<div class=\"elementor-widget-container\">\n\t\t\t\t\t<div class=\"elementor-button-wrapper\"><a href=\"https:\/\/www.balsugida.com\/es\/carbon-activado\/\" class=\"box-button elementor-button elementor-size-sm\">Revisar<svg xmlns=\"http:\/\/www.w3.org\/2000\/svg\" id=\"Layer_2\" data-name=\"Layer 2\" viewbox=\"0 0 35.93 27.4\"><defs><style>      .cls-1 {        fill: none;        stroke: #fff;        stroke-miterlimit: 10;        stroke-width: .89px;      }    <\/style><\/defs><g id=\"Layer_1-2\" data-name=\"Layer 1\"><g><line class=\"cls-1\" y1=\"13.7\" x2=\"35.3\" y2=\"13.7\"><\/line><polyline class=\"cls-1\" points=\"21.91 .32 35.3 13.7 21.91 27.09\"><\/polyline><\/g><\/g><\/svg><\/a><\/div>\t\t\t\t<\/div>\n\t\t\t\t<\/div>\n\t\t\t\t<\/div>\n\t\t\t\t<\/div>\n\t\t\t\t<\/div>","protected":false},"excerpt":{"rendered":"<p>World Value Balsu contin\u00faa resueltamente su camino para convertirse en un l\u00edder mundial en la industria mundial de la avellana. Explore Global Trade Balsu est\u00e1 creciendo a\u00fan m\u00e1s en el comercio mundial con su red de suministro y producci\u00f3n en diferentes continentes. Explore Activated Carbon Balsu est\u00e1 agregando valor a sus activos con su inversi\u00f3n en carb\u00f3n activado. Explore<\/p>","protected":false},"author":1,"featured_media":0,"parent":0,"menu_order":2,"comment_status":"closed","ping_status":"closed","template":"elementor_header_footer","meta":{"footnotes":""},"class_list":["post-96056","page","type-page","status-publish","hentry"],"_links":{"self":[{"href":"https:\/\/www.balsugida.com\/es\/wp-json\/wp\/v2\/pages\/96056","targetHints":{"allow":["GET"]}}],"collection":[{"href":"https:\/\/www.balsugida.com\/es\/wp-json\/wp\/v2\/pages"}],"about":[{"href":"https:\/\/www.balsugida.com\/es\/wp-json\/wp\/v2\/types\/page"}],"author":[{"embeddable":true,"href":"https:\/\/www.balsugida.com\/es\/wp-json\/wp\/v2\/users\/1"}],"replies":[{"embeddable":true,"href":"https:\/\/www.balsugida.com\/es\/wp-json\/wp\/v2\/comments?post=96056"}],"version-history":[{"count":13,"href":"https:\/\/www.balsugida.com\/es\/wp-json\/wp\/v2\/pages\/96056\/revisions"}],"predecessor-version":[{"id":96856,"href":"https:\/\/www.balsugida.com\/es\/wp-json\/wp\/v2\/pages\/96056\/revisions\/96856"}],"wp:attachment":[{"href":"https:\/\/www.balsugida.com\/es\/wp-json\/wp\/v2\/media?parent=96056"}],"curies":[{"name":"wp","href":"https:\/\/api.w.org\/{rel}","templated":true}]}}