{"id":95479,"date":"2026-03-23T17:50:02","date_gmt":"2026-03-23T17:50:02","guid":{"rendered":"https:\/\/www.balsugida.com\/?page_id=95479"},"modified":"2026-05-08T16:06:35","modified_gmt":"2026-05-08T16:06:35","slug":"carbon-activado-hendex","status":"publish","type":"page","link":"https:\/\/www.balsugida.com\/es\/carbon-activado-hendex\/","title":{"rendered":"Carb\u00f3n activado Hendex"},"content":{"rendered":"<div data-elementor-type=\"wp-page\" data-elementor-id=\"95479\" class=\"elementor elementor-95479\" data-elementor-post-type=\"page\">\n\t\t\t\t<div class=\"elementor-element elementor-element-fea085c e-flex e-con-boxed e-con e-parent\" data-id=\"fea085c\" data-element_type=\"container\" data-settings=\"{&quot;background_background&quot;:&quot;classic&quot;}\">\n\t\t\t\t\t<div class=\"e-con-inner\">\n\t\t<div class=\"elementor-element elementor-element-fdf2ab2 e-con-full e-flex e-con e-child\" data-id=\"fdf2ab2\" data-element_type=\"container\">\n\t\t\t\t<div class=\"elementor-element elementor-element-04b92e1 elementor-widget elementor-widget-heading\" data-id=\"04b92e1\" data-element_type=\"widget\" data-widget_type=\"heading.default\">\n\t\t\t\t\t<h2 class=\"elementor-heading-title elementor-size-default\">Hendex <br>\nCarb\u00f3n activado<\/h2>\t\t\t\t<\/div>\n\t\t\t\t<\/div>\n\t\t\t\t\t<\/div>\n\t\t\t\t<\/div>\n\t\t<div class=\"elementor-element elementor-element-4740359 e-flex e-con-boxed e-con e-parent\" data-id=\"4740359\" data-element_type=\"container\" data-settings=\"{&quot;background_background&quot;:&quot;classic&quot;}\">\n\t\t\t\t\t<div class=\"e-con-inner\">\n\t\t\t\t<div class=\"elementor-element elementor-element-5b9a7bb elementor-widget elementor-widget-text-editor\" data-id=\"5b9a7bb\" data-element_type=\"widget\" data-widget_type=\"text-editor.default\">\n\t\t\t\t\t\t\t\t\t<div class=\"flex flex-col text-sm\"><section class=\"text-token-text-primary w-full focus:outline-none [--shadow-height:45px] has-data-writing-block:pointer-events-none has-data-writing-block:-mt-(--shadow-height) has-data-writing-block:pt-(--shadow-height) [&amp;:has([data-writing-block])&gt;*]:pointer-events-auto scroll-mt-[calc(var(--header-height)+min(200px,max(70px,20svh)))]\" dir=\"auto\" data-turn-id=\"request-WEB:bbba03e3-64a3-44ae-925c-7f85bc3823c4-0\" data-testid=\"conversation-turn-2\" data-scroll-anchor=\"true\" data-turn=\"assistant\"><div class=\"text-base my-auto mx-auto pb-10 [--thread-content-margin:var(--thread-content-margin-xs,calc(var(--spacing)*4))] @w-sm\/main:[--thread-content-margin:var(--thread-content-margin-sm,calc(var(--spacing)*6))] @w-lg\/main:[--thread-content-margin:var(--thread-content-margin-lg,calc(var(--spacing)*16))] px-(--thread-content-margin)\"><div class=\"[--thread-content-max-width:40rem] @w-lg\/main:[--thread-content-max-width:48rem] mx-auto max-w-(--thread-content-max-width) flex-1 group\/turn-messages focus-visible:outline-hidden relative flex w-full min-w-0 flex-col agent-turn\"><div class=\"flex max-w-full flex-col gap-4 grow\"><div class=\"min-h-8 text-message relative flex w-full flex-col items-end gap-2 text-start break-words whitespace-normal outline-none keyboard-focused:focus-ring [.text-message+&amp;]:mt-1\" dir=\"auto\" tabindex=\"0\" data-message-author-role=\"assistant\" data-message-id=\"cf0137e4-2c6a-4a5c-bc41-d349a0854159\" data-message-model-slug=\"gpt-5-3\" data-turn-start-message=\"true\"><div class=\"flex w-full flex-col gap-1 empty:hidden\"><div class=\"markdown prose dark:prose-invert w-full wrap-break-word dark markdown-new-styling\"><p data-start=\"0\" data-end=\"755\" data-is-last-node=\"\" data-is-only-node=\"\">Nuestra f\u00e1brica de carb\u00f3n activado Hendex, equipada con tecnolog\u00edas patentadas de vanguardia y con una capacidad de procesamiento anual de m\u00e1s de 100 000 toneladas de c\u00e1scaras de avellana, ha finalizado su construcci\u00f3n y ya est\u00e1 en pleno funcionamiento. Producimos carb\u00f3n activado a partir de c\u00e1scaras de avellana, una materia prima nacional y respetuosa con el medio ambiente, utilizando la f\u00f3rmula 0.<br \/><br data-start=\"309\" data-end=\"312\" \/>Nos enorgullece poder ofrecer este producto innovador e importante, necesario para muchos sectores en Turqu\u00eda y en todo el mundo, en todas sus variedades y con altos est\u00e1ndares de calidad, como sustituto de los productos importados.<br \/><br data-start=\"521\" data-end=\"524\" \/>Adem\u00e1s de satisfacer las necesidades de carb\u00f3n activado de nuestro pa\u00eds, los productos de carb\u00f3n activado de Hendex, que son capaces de competir en los mercados mundiales, tienen el potencial de contribuir significativamente a los ingresos por exportaciones de Balsu.<\/p><p>Los productos de carb\u00f3n activado Hendex, que son el primer carb\u00f3n activado producido a partir de c\u00e1scaras de avellana mediante producci\u00f3n en masa en Turqu\u00eda, se est\u00e1n ofreciendo en los mercados turco y mundial con todas sus variedades.<\/p><\/div><\/div><\/div><\/div><\/div><\/div><\/section><\/div>\t\t\t\t\t\t\t\t<\/div>\n\t\t\t\t\t<\/div>\n\t\t\t\t<\/div>\n\t\t<div class=\"elementor-element elementor-element-77ad348 e-flex e-con-boxed e-con e-parent\" data-id=\"77ad348\" data-element_type=\"container\" data-settings=\"{&quot;background_background&quot;:&quot;classic&quot;}\">\n\t\t\t\t\t<div class=\"e-con-inner\">\n\t\t<div class=\"elementor-element elementor-element-993e8ab e-con-full e-flex e-con e-child\" data-id=\"993e8ab\" data-element_type=\"container\">\n\t\t\t\t<div class=\"elementor-element elementor-element-d4dab52 elementor-widget elementor-widget-video\" data-id=\"d4dab52\" data-element_type=\"widget\" data-settings=\"{&quot;show_image_overlay&quot;:&quot;yes&quot;,&quot;image_overlay&quot;:{&quot;url&quot;:&quot;https:\\\/\\\/www.balsugida.com\\\/wp-content\\\/uploads\\\/2026\\\/05\\\/b@4x.png&quot;,&quot;id&quot;:97091,&quot;size&quot;:&quot;&quot;,&quot;alt&quot;:&quot;&quot;,&quot;source&quot;:&quot;library&quot;},&quot;video_type&quot;:&quot;hosted&quot;,&quot;mute&quot;:&quot;yes&quot;,&quot;loop&quot;:&quot;yes&quot;}\" data-widget_type=\"video.default\">\n\t\t\t\t\t\t\t<div class=\"e-hosted-video elementor-wrapper elementor-open-inline\">\n\t\t\t\t\t<video class=\"elementor-video\" src=\"https:\/\/www.balsugida.com\/wp-content\/uploads\/2025\/12\/Balsu-Hendex-Fabrika.mp4\" loop=\"\" preload=\"metadata\" muted=\"muted\" controlslist=\"nodownload\"><\/video>\n\t\t\t\t\t\t<div class=\"elementor-custom-embed-image-overlay\" style=\"background-image: url(https:\/\/www.balsugida.com\/wp-content\/uploads\/2026\/05\/b@4x.png);\">\n\t\t\t\t\t\t\t\t\t\t\t\t\t\t\t\t<div class=\"elementor-custom-embed-play\" role=\"button\" aria-label=\"Reproducir v\u00eddeo\" tabindex=\"0\">\n\t\t\t\t\t\t\t<svg aria-hidden=\"true\" class=\"e-font-icon-svg e-eicon-play\" viewbox=\"0 0 1000 1000\" xmlns=\"http:\/\/www.w3.org\/2000\/svg\"><path d=\"M838 162C746 71 633 25 500 25 371 25 258 71 163 162 71 254 25 367 25 500 25 633 71 746 163 837 254 929 367 979 500 979 633 979 746 933 838 837 929 746 975 633 975 500 975 367 929 254 838 162M808 192C892 279 933 379 933 500 933 621 892 725 808 808 725 892 621 938 500 938 379 938 279 896 196 808 113 725 67 621 67 500 67 379 108 279 196 192 279 108 383 62 500 62 621 62 721 108 808 192M438 392V642L642 517 438 392Z\"><\/path><\/svg>\t\t\t\t\t\t<\/div>\n\t\t\t\t\t\t\t\t\t<\/div>\n\t\t\t\t\t<\/div>\n\t\t\t\t\t\t<\/div>\n\t\t\t\t<\/div>\n\t\t\t\t\t<\/div>\n\t\t\t\t<\/div>\n\t\t<div class=\"elementor-element elementor-element-7e87152 e-flex e-con-boxed e-con e-parent\" data-id=\"7e87152\" data-element_type=\"container\" data-settings=\"{&quot;background_background&quot;:&quot;classic&quot;}\">\n\t\t\t\t\t<div class=\"e-con-inner\">\n\t\t<div class=\"elementor-element elementor-element-4eccc05 e-con-full e-flex e-con e-child\" data-id=\"4eccc05\" data-element_type=\"container\" data-settings=\"{&quot;background_background&quot;:&quot;classic&quot;}\">\n\t\t<div class=\"elementor-element elementor-element-3416e43 e-con-full e-flex e-con e-child\" data-id=\"3416e43\" data-element_type=\"container\" data-settings=\"{&quot;background_background&quot;:&quot;classic&quot;}\">\n\t\t\t\t<div class=\"elementor-element elementor-element-45ef30e elementor-widget elementor-widget-heading\" data-id=\"45ef30e\" data-element_type=\"widget\" data-widget_type=\"heading.default\">\n\t\t\t\t\t<h2 class=\"elementor-heading-title elementor-size-default\">\u00bfQu\u00e9 es el carb\u00f3n activado?<\/h2>\t\t\t\t<\/div>\n\t\t\t\t<div class=\"elementor-element elementor-element-781f014 elementor-widget elementor-widget-text-editor\" data-id=\"781f014\" data-element_type=\"widget\" data-widget_type=\"text-editor.default\">\n\t\t\t\t\t\t\t\t\t<p>El carb\u00f3n activado es un producto especializado e importante que se utiliza en las industrias de metales preciosos, automoci\u00f3n, electrodom\u00e9sticos, almacenamiento de energ\u00eda, alimentaci\u00f3n, bebidas, productos farmac\u00e9uticos, textiles, miner\u00eda, electr\u00f3nica y defensa para fines de purificaci\u00f3n y filtraci\u00f3n de aire y agua.<\/p>\t\t\t\t\t\t\t\t<\/div>\n\t\t\t\t<div class=\"elementor-element elementor-element-28f3c90 elementor-widget elementor-widget-text-editor\" data-id=\"28f3c90\" data-element_type=\"widget\" data-widget_type=\"text-editor.default\">\n\t\t\t\t\t\t\t\t\t<p>El hecho de que el valor del mercado global haya alcanzado los 15.000 millones de d\u00f3lares indica la magnitud e importancia que ha adquirido la industria del carb\u00f3n activado a nivel mundial, y que su papel fundamental en las aplicaciones industriales y medioambientales, junto con la creciente demanda, conducir\u00e1 a un crecimiento constante y sostenido en los pr\u00f3ximos a\u00f1os.<\/p>\t\t\t\t\t\t\t\t<\/div>\n\t\t\t\t<\/div>\n\t\t\t\t<\/div>\n\t\t\t\t\t<\/div>\n\t\t\t\t<\/div>\n\t\t<div class=\"elementor-element elementor-element-b682f3e e-flex e-con-boxed e-con e-parent\" data-id=\"b682f3e\" data-element_type=\"container\">\n\t\t\t\t\t<div class=\"e-con-inner\">\n\t\t\t\t<div class=\"elementor-element elementor-element-8119b78 elementor-widget elementor-widget-html\" data-id=\"8119b78\" data-element_type=\"widget\" data-widget_type=\"html.default\">\n\t\t\t\t\t<style>\n    .ak-v4 {\n        font-family: 'Gelica', -apple-system, BlinkMacSystemFont, sans-serif;\n        background: #fff;\n    }\n\n    .ak-v4 .section {\n        padding: 0;\n    }\n\n    .ak-v4 .hero {\n        text-align: left;\n        padding: 10px;\n    }\n\n    .ak-v4 .hero img {\n        max-width: 150px;\n    }\n\n    \/* 2 Column Layout *\/\n    .ak-v4 .two-columns {\n        max-width: 100%;\n        margin: 20px 0px 0px;\n        padding: 0px 10px;\n        display: grid;\n        grid-template-columns: 1fr 1fr;\n        gap: 60px;\n    }\n\n    .ak-v4 .column p {\n        font-size: 1.1rem;\n        line-height: 1.9;\n        color: #333;\n        margin-bottom: 25px;\n    }\n\n    .ak-v4 strong {\n        background: linear-gradient(120deg, #ffeaa7 0%, #fdcb6e 100%);\n        padding: 2px 6px;\n        font-weight: 600;\n    }\n\n    .ak-v4 .full-video video {\n        width: 100%;\n        display: block;\n    }\n\n    \/* Gallery *\/\n    .ak-v4 .gallery {\n        display: grid;\n        grid-template-columns: repeat(4, 1fr);\n        gap: 18px;\n        padding: 20px 0px;\n        max-width: 1400px;\n        margin: auto;\n    }\n\n    .ak-v4 .gallery-item {\n        position: relative;\n        overflow: hidden;\n        border-radius: 6px;\n    }\n\n    .ak-v4 .gallery-item img {\n        width: 100%;\n        height: 100%;\n        object-fit: cover;\n        display: block;\n        transition: transform 0.5s;\n        cursor: pointer;\n    }\n\n    .ak-v4 .gallery-item:hover img {\n        transform: scale(1.04);\n    }\n\n    \/* Caption always visible *\/\n    .ak-v4 .caption {\n        position: absolute;\n        bottom: 0;\n        left: 0;\n        right: 0;\n        z-index: 2;\n        background: linear-gradient(to top, rgba(0,0,0,0.9), rgba(0,0,0,0.2));\n        color: #fff;\n        padding: 20px;\n        font-size: 0.9rem;\n        line-height: 1.4;\n        transform: translateY(0);\n        display: block;\n        visibility: visible;\n        opacity: 1;\n    }\n\n    \/* Modal *\/\n    .ak-v4 .modal {\n        display: none;\n        position: fixed;\n        z-index: 9999;\n        left: 0;\n        top: 0;\n        width: 100%;\n        height: 100%;\n        background: rgba(0,0,0,.95);\n        align-items: center;\n        justify-content: center;\n    }\n\n    .ak-v4 .modal.active {\n        display: flex;\n    }\n\n    .ak-v4 .modal-content {\n        max-width: 90%;\n        max-height: 90vh;\n        object-fit: contain;\n    }\n\n    .ak-v4 .modal-close {\n        position: absolute;\n        top: 30px;\n        right: 50px;\n        color: white;\n        font-size: 50px;\n        cursor: pointer;\n        transition: .2s;\n        z-index: 10000;\n    }\n\n    .ak-v4 .modal-close:hover {\n        transform: scale(1.2);\n    }\n\n    .ak-v4 .modal-caption {\n        position: absolute;\n        bottom: 30px;\n        left: 50%;\n        transform: translateX(-50%);\n        color: white;\n        font-size: 1.1rem;\n        text-align: center;\n        width: 90%;\n    }\n\n    @media(max-width:968px) {\n        .ak-v4 .two-columns {\n            grid-template-columns: 1fr;\n            padding: 0 30px;\n            gap: 30px;\n        }\n\n        .ak-v4 .gallery {\n            grid-template-columns: 1fr;\n            padding: 20px;\n            gap: 20px;\n        }\n\n        .ak-v4 .gallery-item {\n            position: relative;\n            overflow: hidden;\n            border-radius: 6px;\n            min-height: 260px;\n        }\n\n        .ak-v4 .gallery-item img {\n            width: 100%;\n            height: 260px;\n            object-fit: cover;\n            display: block;\n        }\n\n        .ak-v4 .caption {\n            position: absolute !important;\n            left: 0;\n            right: 0;\n            bottom: 0;\n            z-index: 2;\n            display: block !important;\n            visibility: visible !important;\n            opacity: 1 !important;\n            background: linear-gradient(to top, rgba(0,0,0,0.92), rgba(0,0,0,0.25));\n            color: #fff;\n            padding: 16px 18px;\n            font-size: 0.95rem;\n            line-height: 1.4;\n            transform: none !important;\n        }\n\n        .ak-v4 .modal-close {\n            top: 20px;\n            right: 25px;\n            font-size: 40px;\n        }\n\n        .ak-v4 .modal-caption {\n            bottom: 20px;\n            font-size: 0.95rem;\n            width: 85%;\n        }\n    }\n\n    @media(max-width:480px) {\n        .ak-v4 .gallery {\n            padding: 15px;\n        }\n\n        .ak-v4 .gallery-item {\n            min-height: 230px;\n        }\n\n        .ak-v4 .gallery-item img {\n            height: 230px;\n        }\n\n        .ak-v4 .caption {\n            padding: 14px 15px;\n            font-size: 0.88rem;\n        }\n    }\n<\/style>\n\n<div class=\"ak-v4\">\n\n    <div class=\"gallery\">\n        <div class=\"gallery-item\">\n            <img decoding=\"async\" src=\"https:\/\/www.balsugida.com\/wp-content\/uploads\/2025\/12\/Basliksiz-4-e1728462287259.jpg\"\n                alt=\"C\u00e1scara de avellana\" onclick=\"openModal(this)\">\n            <div class=\"caption\">C\u00e1scara de avellana<\/div>\n        <\/div>\n\n        <div class=\"gallery-item 2resim\">\n            <img decoding=\"async\" src=\"https:\/\/www.balsugida.com\/wp-content\/uploads\/2026\/03\/aktif-karbon-1.jpg\"\n                alt=\"Transformaci\u00f3n de c\u00e1scaras de avellana en carb\u00f3n activado.\" onclick=\"openModal(this)\">\n            <div class=\"caption\">Transformaci\u00f3n de c\u00e1scaras de avellana en carb\u00f3n activado.<\/div>\n        <\/div>\n\n        <div class=\"gallery-item\">\n            <img decoding=\"async\" src=\"https:\/\/www.balsugida.com\/wp-content\/uploads\/2025\/12\/Basliksiz-6-e1728462090277.jpg\"\n                alt=\"Fotograf\u00eda de la capa activa tomada con un microscopio electr\u00f3nico de barrido (SEM).\" onclick=\"openModal(this)\">\n            <div class=\"caption\">Fotograf\u00eda de la capa activa tomada con un microscopio electr\u00f3nico de barrido (SEM).<\/div>\n        <\/div>\n\n        <div class=\"gallery-item\">\n            <img decoding=\"async\" src=\"https:\/\/www.balsugida.com\/wp-content\/uploads\/2025\/12\/Basliksiz-7-e1728462129933.jpg\"\n                alt=\"Fotograf\u00eda de la capa activa tomada con un microscopio electr\u00f3nico de barrido (SEM).\" onclick=\"openModal(this)\">\n            <div class=\"caption\">Fotograf\u00eda de la capa activa tomada con un microscopio electr\u00f3nico de barrido (SEM).<\/div>\n        <\/div>\n    <\/div>\n\n    <!-- Image Modal -->\n    <div class=\"modal\" id=\"imageModal\" onclick=\"closeModal()\">\n        <span class=\"modal-close\">\u00d7<\/span>\n        <img class=\"modal-content\" id=\"modalImage\">\n        <div class=\"modal-caption\" id=\"modalCaption\"><\/div>\n    <\/div>\n\n<\/div>\n\n<script>\n    function openModal(img) {\n        const modal = document.getElementById('imageModal');\n        const modalImg = document.getElementById('modalImage');\n        const caption = document.getElementById('modalCaption');\n\n        modal.classList.add('active');\n        modalImg.src = img.src;\n        caption.textContent = img.alt;\n        document.body.style.overflow = 'hidden';\n    }\n\n    function closeModal() {\n        const modal = document.getElementById('imageModal');\n        modal.classList.remove('active');\n        document.body.style.overflow = 'auto';\n    }\n\n    document.addEventListener('keydown', function(e) {\n        if (e.key === 'Escape') {\n            closeModal();\n        }\n    });\n<\/script>\t\t\t\t<\/div>\n\t\t\t\t\t<\/div>\n\t\t\t\t<\/div>\n\t\t\t\t<\/div>","protected":false},"excerpt":{"rendered":"<p>Hendex Activated Carbon, con una capacidad de procesamiento anual de m\u00e1s de 100.000 toneladas de c\u00e1scaras de avellana, est\u00e1 equipada con tecnolog\u00edas avanzadas patentadas y su construcci\u00f3n y parque de maquinaria completo ya est\u00e1n terminados y en funcionamiento. En nuestra f\u00e1brica de Hendex Activated Carbon, producimos carb\u00f3n activado a partir de c\u00e1scaras de avellana, una materia prima nacional y respetuosa con el medio ambiente (0). Este innovador e importante producto es necesario para numerosos sectores en Turqu\u00eda y en todo el mundo.<\/p>","protected":false},"author":1,"featured_media":0,"parent":0,"menu_order":0,"comment_status":"closed","ping_status":"closed","template":"","meta":{"footnotes":""},"class_list":["post-95479","page","type-page","status-publish","hentry"],"_links":{"self":[{"href":"https:\/\/www.balsugida.com\/es\/wp-json\/wp\/v2\/pages\/95479","targetHints":{"allow":["GET"]}}],"collection":[{"href":"https:\/\/www.balsugida.com\/es\/wp-json\/wp\/v2\/pages"}],"about":[{"href":"https:\/\/www.balsugida.com\/es\/wp-json\/wp\/v2\/types\/page"}],"author":[{"embeddable":true,"href":"https:\/\/www.balsugida.com\/es\/wp-json\/wp\/v2\/users\/1"}],"replies":[{"embeddable":true,"href":"https:\/\/www.balsugida.com\/es\/wp-json\/wp\/v2\/comments?post=95479"}],"version-history":[{"count":127,"href":"https:\/\/www.balsugida.com\/es\/wp-json\/wp\/v2\/pages\/95479\/revisions"}],"predecessor-version":[{"id":97388,"href":"https:\/\/www.balsugida.com\/es\/wp-json\/wp\/v2\/pages\/95479\/revisions\/97388"}],"wp:attachment":[{"href":"https:\/\/www.balsugida.com\/es\/wp-json\/wp\/v2\/media?parent=95479"}],"curies":[{"name":"wp","href":"https:\/\/api.w.org\/{rel}","templated":true}]}}