{"id":95445,"date":"2026-03-23T16:55:20","date_gmt":"2026-03-23T16:55:20","guid":{"rendered":"https:\/\/www.balsugida.com\/?page_id=95445"},"modified":"2026-05-08T16:08:21","modified_gmt":"2026-05-08T16:08:21","slug":"balsu-agro-chile","status":"publish","type":"page","link":"https:\/\/www.balsugida.com\/es\/balsu-agro-chile\/","title":{"rendered":"Balsu Agro Chile"},"content":{"rendered":"<div data-elementor-type=\"wp-page\" data-elementor-id=\"95445\" class=\"elementor elementor-95445\" data-elementor-post-type=\"page\">\n\t\t\t\t<div class=\"elementor-element elementor-element-fea085c e-flex e-con-boxed e-con e-parent\" data-id=\"fea085c\" data-element_type=\"container\" data-settings=\"{&quot;background_background&quot;:&quot;classic&quot;}\">\n\t\t\t\t\t<div class=\"e-con-inner\">\n\t\t<div class=\"elementor-element elementor-element-fdf2ab2 e-con-full e-flex e-con e-child\" data-id=\"fdf2ab2\" data-element_type=\"container\">\n\t\t\t\t<div class=\"elementor-element elementor-element-04b92e1 elementor-widget elementor-widget-heading\" data-id=\"04b92e1\" data-element_type=\"widget\" data-widget_type=\"heading.default\">\n\t\t\t\t\t<h2 class=\"elementor-heading-title elementor-size-default\">Balsu Agro Chile SpA <br>\nIndustrias Balsu Chile SpA<\/h2>\t\t\t\t<\/div>\n\t\t\t\t<\/div>\n\t\t\t\t\t<\/div>\n\t\t\t\t<\/div>\n\t\t<div class=\"elementor-element elementor-element-4740359 e-flex e-con-boxed e-con e-parent\" data-id=\"4740359\" data-element_type=\"container\" data-settings=\"{&quot;background_background&quot;:&quot;classic&quot;}\">\n\t\t\t\t\t<div class=\"e-con-inner\">\n\t\t\t\t<div class=\"elementor-element elementor-element-5b9a7bb elementor-widget elementor-widget-text-editor\" data-id=\"5b9a7bb\" data-element_type=\"widget\" data-widget_type=\"text-editor.default\">\n\t\t\t\t\t\t\t\t\t<p>En Balsu, adem\u00e1s de ser un actor activo en el mercado europeo de la avellana desde 1979 y en el mercado estadounidense desde 1993, seguimos avanzando con paso firme en l\u00ednea con nuestra estrategia de crecimiento comercial global, gracias a las inversiones agr\u00edcolas e industriales que iniciamos en Chile en 2017 y 2019.<\/p><p>En Chile, con nuestra inversi\u00f3n en el establecimiento de huertos de avellanos, que se formaliz\u00f3 como Balsu Agro Chile SpA en 2017, nos complace haber completado la cuarta cosecha de nuestros avellanos, que suman 70.000 y cubren una superficie total de 160 hect\u00e1reas, utilizando un sistema de tuber\u00edas de riego de 548 km de longitud.<\/p><p>Continuamos con determinaci\u00f3n nuestro camino para expandir a\u00fan m\u00e1s nuestra cuota de mercado global en el comercio de avellanas, comenzando por Am\u00e9rica y los pa\u00edses de Asia-Pac\u00edfico, y para convertirnos en los mejores del mundo, integrando nuestra inversi\u00f3n agr\u00edcola consistente en huertos de avellanas en Chile con nuestra f\u00e1brica de procesamiento de avellanas de alta tecnolog\u00eda, cuya construcci\u00f3n y maquinaria ya est\u00e1n terminadas, establecida en Chile en 2019 bajo el nombre de Balsu Industries Chile SpA.<\/p>\t\t\t\t\t\t\t\t<\/div>\n\t\t\t\t\t<\/div>\n\t\t\t\t<\/div>\n\t\t<div class=\"elementor-element elementor-element-8e8ccc8 e-flex e-con-boxed e-con e-parent\" data-id=\"8e8ccc8\" data-element_type=\"container\" data-settings=\"{&quot;background_background&quot;:&quot;classic&quot;}\">\n\t\t\t\t\t<div class=\"e-con-inner\">\n\t\t<div class=\"elementor-element elementor-element-b15eff9 e-con-full e-flex e-con e-child\" data-id=\"b15eff9\" data-element_type=\"container\" data-settings=\"{&quot;background_background&quot;:&quot;classic&quot;}\">\n\t\t\t\t<div class=\"elementor-element elementor-element-16316f9 elementor-widget elementor-widget-video\" data-id=\"16316f9\" data-element_type=\"widget\" data-settings=\"{&quot;show_image_overlay&quot;:&quot;yes&quot;,&quot;image_overlay&quot;:{&quot;url&quot;:&quot;https:\\\/\\\/www.balsugida.com\\\/wp-content\\\/uploads\\\/2026\\\/04\\\/Screenshot-2026-04-27-at-10.42.14-scaled.png&quot;,&quot;id&quot;:96838,&quot;size&quot;:&quot;&quot;,&quot;alt&quot;:&quot;&quot;,&quot;source&quot;:&quot;library&quot;},&quot;video_type&quot;:&quot;hosted&quot;,&quot;mute&quot;:&quot;yes&quot;,&quot;loop&quot;:&quot;yes&quot;}\" data-widget_type=\"video.default\">\n\t\t\t\t\t\t\t<div class=\"e-hosted-video elementor-wrapper elementor-open-inline\">\n\t\t\t\t\t<video class=\"elementor-video\" src=\"https:\/\/www.balsugida.com\/wp-content\/uploads\/2025\/12\/Balsu-Sili-Arazi.mp4\" loop=\"\" preload=\"metadata\" muted=\"muted\" controlslist=\"nodownload\"><\/video>\n\t\t\t\t\t\t<div class=\"elementor-custom-embed-image-overlay\" style=\"background-image: url(https:\/\/www.balsugida.com\/wp-content\/uploads\/2026\/04\/Screenshot-2026-04-27-at-10.42.14-scaled.png);\">\n\t\t\t\t\t\t\t\t\t\t\t\t\t\t\t\t<div class=\"elementor-custom-embed-play\" role=\"button\" aria-label=\"Reproducir v\u00eddeo\" tabindex=\"0\">\n\t\t\t\t\t\t\t<svg aria-hidden=\"true\" class=\"e-font-icon-svg e-eicon-play\" viewbox=\"0 0 1000 1000\" xmlns=\"http:\/\/www.w3.org\/2000\/svg\"><path d=\"M838 162C746 71 633 25 500 25 371 25 258 71 163 162 71 254 25 367 25 500 25 633 71 746 163 837 254 929 367 979 500 979 633 979 746 933 838 837 929 746 975 633 975 500 975 367 929 254 838 162M808 192C892 279 933 379 933 500 933 621 892 725 808 808 725 892 621 938 500 938 379 938 279 896 196 808 113 725 67 621 67 500 67 379 108 279 196 192 279 108 383 62 500 62 621 62 721 108 808 192M438 392V642L642 517 438 392Z\"><\/path><\/svg>\t\t\t\t\t\t<\/div>\n\t\t\t\t\t\t\t\t\t<\/div>\n\t\t\t\t\t<\/div>\n\t\t\t\t\t\t<\/div>\n\t\t\t\t<\/div>\n\t\t\t\t\t<\/div>\n\t\t\t\t<\/div>\n\t\t<div class=\"elementor-element elementor-element-a90cc32 e-flex e-con-boxed e-con e-parent\" data-id=\"a90cc32\" data-element_type=\"container\" data-settings=\"{&quot;background_background&quot;:&quot;classic&quot;}\">\n\t\t\t\t\t<div class=\"e-con-inner\">\n\t\t<div class=\"elementor-element elementor-element-7b9db72 e-con-full e-flex e-con e-child\" data-id=\"7b9db72\" data-element_type=\"container\" data-settings=\"{&quot;background_background&quot;:&quot;classic&quot;}\">\n\t\t\t\t<div class=\"elementor-element elementor-element-e71729e elementor-widget elementor-widget-video\" data-id=\"e71729e\" data-element_type=\"widget\" data-settings=\"{&quot;show_image_overlay&quot;:&quot;yes&quot;,&quot;image_overlay&quot;:{&quot;url&quot;:&quot;https:\\\/\\\/www.balsugida.com\\\/wp-content\\\/uploads\\\/2026\\\/05\\\/Balsu-Sili-Fabrika-Kisa.mp4&quot;,&quot;id&quot;:97006,&quot;size&quot;:&quot;&quot;,&quot;alt&quot;:&quot;&quot;,&quot;source&quot;:&quot;library&quot;},&quot;video_type&quot;:&quot;hosted&quot;,&quot;mute&quot;:&quot;yes&quot;,&quot;loop&quot;:&quot;yes&quot;}\" data-widget_type=\"video.default\">\n\t\t\t\t\t\t\t<div class=\"e-hosted-video elementor-wrapper elementor-open-inline\">\n\t\t\t\t\t<video class=\"elementor-video\" src=\"https:\/\/www.balsugida.com\/wp-content\/uploads\/2026\/05\/Balsu-Sili-Fabrika-Montaj-Yeni-Kisa.mp4\" loop=\"\" preload=\"metadata\" muted=\"muted\" controlslist=\"nodownload\"><\/video>\n\t\t\t\t\t\t<div class=\"elementor-custom-embed-image-overlay\" style=\"background-image: url();\">\n\t\t\t\t\t\t\t\t\t\t\t\t\t\t\t\t<div class=\"elementor-custom-embed-play\" role=\"button\" aria-label=\"Reproducir v\u00eddeo\" tabindex=\"0\">\n\t\t\t\t\t\t\t<svg aria-hidden=\"true\" class=\"e-font-icon-svg e-eicon-play\" viewbox=\"0 0 1000 1000\" xmlns=\"http:\/\/www.w3.org\/2000\/svg\"><path d=\"M838 162C746 71 633 25 500 25 371 25 258 71 163 162 71 254 25 367 25 500 25 633 71 746 163 837 254 929 367 979 500 979 633 979 746 933 838 837 929 746 975 633 975 500 975 367 929 254 838 162M808 192C892 279 933 379 933 500 933 621 892 725 808 808 725 892 621 938 500 938 379 938 279 896 196 808 113 725 67 621 67 500 67 379 108 279 196 192 279 108 383 62 500 62 621 62 721 108 808 192M438 392V642L642 517 438 392Z\"><\/path><\/svg>\t\t\t\t\t\t<\/div>\n\t\t\t\t\t\t\t\t\t<\/div>\n\t\t\t\t\t<\/div>\n\t\t\t\t\t\t<\/div>\n\t\t\t\t<\/div>\n\t\t\t\t\t<\/div>\n\t\t\t\t<\/div>\n\t\t<div class=\"elementor-element elementor-element-7e87152 e-flex e-con-boxed e-con e-parent\" data-id=\"7e87152\" data-element_type=\"container\" data-settings=\"{&quot;background_background&quot;:&quot;classic&quot;}\">\n\t\t\t\t\t<div class=\"e-con-inner\">\n\t\t<div class=\"elementor-element elementor-element-4eccc05 e-con-full e-flex e-con e-child\" data-id=\"4eccc05\" data-element_type=\"container\" data-settings=\"{&quot;background_background&quot;:&quot;classic&quot;}\">\n\t\t<div class=\"elementor-element elementor-element-3416e43 e-con-full e-flex e-con e-child\" data-id=\"3416e43\" data-element_type=\"container\">\n\t\t\t\t<div class=\"elementor-element elementor-element-45ef30e elementor-widget elementor-widget-heading\" data-id=\"45ef30e\" data-element_type=\"widget\" data-widget_type=\"heading.default\">\n\t\t\t\t\t<h2 class=\"elementor-heading-title elementor-size-default\">\u00bfPor qu\u00e9 Chile?<\/h2>\t\t\t\t<\/div>\n\t\t\t\t<div class=\"elementor-element elementor-element-781f014 elementor-widget elementor-widget-text-editor\" data-id=\"781f014\" data-element_type=\"widget\" data-widget_type=\"text-editor.default\">\n\t\t\t\t\t\t\t\t\tBalsu opera bajo el principio de estar presente en cualquier lugar del mundo con una producci\u00f3n significativa de avellanas, y en este sentido, sus primeras inversiones se realizaron en Chile. Gracias a que Turqu\u00eda y Chile tienen diferentes periodos de cosecha de avellanas, es posible mantener un cultivo y suministro ininterrumpido durante todo el a\u00f1o. Adem\u00e1s, la proximidad de Chile a los mercados americano y de Asia-Pac\u00edfico reduce los costos log\u00edsticos y aumenta la competitividad de Balsu en el mercado global.\t\t\t\t\t\t\t\t<\/div>\n\t\t\t\t<\/div>\n\t\t\t\t<\/div>\n\t\t\t\t\t<\/div>\n\t\t\t\t<\/div>\n\t\t\t\t<\/div>","protected":false},"excerpt":{"rendered":"<p>Balsu Agro Chile SpA y Balsu Industries Chile SpA, bajo la marca Balsu, han participado activamente en el mercado europeo de la avellana desde 1979 y en el mercado americano desde 1993. Adem\u00e1s, con nuestras inversiones agr\u00edcolas e industriales en Chile, iniciadas en 2017 y 2019, seguimos avanzando con confianza en l\u00ednea con nuestra estrategia de crecimiento comercial global. En Chile, nuestros huertos de avellanas, que se constituyeron como Balsu Agro Chile SpA en 2017\u2026<\/p>","protected":false},"author":1,"featured_media":0,"parent":0,"menu_order":0,"comment_status":"closed","ping_status":"closed","template":"","meta":{"footnotes":""},"class_list":["post-95445","page","type-page","status-publish","hentry"],"_links":{"self":[{"href":"https:\/\/www.balsugida.com\/es\/wp-json\/wp\/v2\/pages\/95445","targetHints":{"allow":["GET"]}}],"collection":[{"href":"https:\/\/www.balsugida.com\/es\/wp-json\/wp\/v2\/pages"}],"about":[{"href":"https:\/\/www.balsugida.com\/es\/wp-json\/wp\/v2\/types\/page"}],"author":[{"embeddable":true,"href":"https:\/\/www.balsugida.com\/es\/wp-json\/wp\/v2\/users\/1"}],"replies":[{"embeddable":true,"href":"https:\/\/www.balsugida.com\/es\/wp-json\/wp\/v2\/comments?post=95445"}],"version-history":[{"count":103,"href":"https:\/\/www.balsugida.com\/es\/wp-json\/wp\/v2\/pages\/95445\/revisions"}],"predecessor-version":[{"id":97394,"href":"https:\/\/www.balsugida.com\/es\/wp-json\/wp\/v2\/pages\/95445\/revisions\/97394"}],"wp:attachment":[{"href":"https:\/\/www.balsugida.com\/es\/wp-json\/wp\/v2\/media?parent=95445"}],"curies":[{"name":"wp","href":"https:\/\/api.w.org\/{rel}","templated":true}]}}