{"id":95282,"date":"2026-03-23T13:40:08","date_gmt":"2026-03-23T13:40:08","guid":{"rendered":"https:\/\/www.balsugida.com\/?page_id=95282"},"modified":"2026-05-08T16:07:31","modified_gmt":"2026-05-08T16:07:31","slug":"carbon-activado","status":"publish","type":"page","link":"https:\/\/www.balsugida.com\/es\/carbon-activado\/","title":{"rendered":"Carb\u00f3n activado"},"content":{"rendered":"<div data-elementor-type=\"wp-page\" data-elementor-id=\"95282\" class=\"elementor elementor-95282\" data-elementor-post-type=\"page\">\n\t\t\t\t<div class=\"elementor-element elementor-element-fea085c e-flex e-con-boxed e-con e-parent\" data-id=\"fea085c\" data-element_type=\"container\" data-settings=\"{&quot;background_background&quot;:&quot;classic&quot;}\">\n\t\t\t\t\t<div class=\"e-con-inner\">\n\t\t<div class=\"elementor-element elementor-element-fdf2ab2 e-con-full e-flex e-con e-child\" data-id=\"fdf2ab2\" data-element_type=\"container\">\n\t\t\t\t<div class=\"elementor-element elementor-element-04b92e1 elementor-widget elementor-widget-heading\" data-id=\"04b92e1\" data-element_type=\"widget\" data-widget_type=\"heading.default\">\n\t\t\t\t\t<div class=\"elementor-heading-title elementor-size-default\">Estamos agregando valor a nuestro valor.<\/div>\t\t\t\t<\/div>\n\t\t\t\t<div class=\"elementor-element elementor-element-fce53ac elementor-widget-divider--view-line elementor-widget elementor-widget-divider\" data-id=\"fce53ac\" data-element_type=\"widget\" data-widget_type=\"divider.default\">\n\t\t\t\t\t\t\t<div class=\"elementor-divider\">\n\t\t\t<span class=\"elementor-divider-separator\">\n\t\t\t\t\t\t<\/span>\n\t\t<\/div>\n\t\t\t\t\t\t<\/div>\n\t\t\t\t<div class=\"elementor-element elementor-element-484d8ec elementor-widget elementor-widget-text-editor\" data-id=\"484d8ec\" data-element_type=\"widget\" data-widget_type=\"text-editor.default\">\n\t\t\t\t\t\t\t\t\t<p>Para Balsu, nuestra inversi\u00f3n en carb\u00f3n activado, una de nuestras nuevas inversiones en l\u00ednea con nuestra visi\u00f3n de crecimiento estable y sostenible, es una medida estrat\u00e9gica que llevar\u00e1 la experiencia, el conocimiento y la pericia que hemos adquirido en el sector de la avellana durante m\u00e1s de 46 a\u00f1os al siguiente nivel y agregar\u00e1 valor a nuestra empresa.<\/p>\t\t\t\t\t\t\t\t<\/div>\n\t\t\t\t<div class=\"elementor-element elementor-element-1d5ad6e icon-box-vertical-align-center icon-vertical-align-center content-align-left icon-position-left elementor-widget elementor-widget-the7_icon_box_widget\" data-id=\"1d5ad6e\" data-element_type=\"widget\" data-widget_type=\"the7_icon_box_widget.default\">\n\t\t\t\t<div class=\"elementor-widget-container\">\n\t\t\t\t\t\n\t\t<a class=\"the7-box-wrapper the7-elementor-widget box-hover the7_icon_box_widget-1d5ad6e\" href=\"https:\/\/www.balsugida.com\/es\/hendex-aktif-karbon\/\">\t\t\t<div class=\"box-content-wrapper\">\n\t\t\t\t\t\t\t\t\t<div class=\"elementor-icon-div\">\t\t\t\t\t\t<div class=\"elementor-icon\">\n\t\t\t\t\t\t\t<svg xmlns=\"http:\/\/www.w3.org\/2000\/svg\" id=\"Layer_2\" data-name=\"Layer 2\" viewbox=\"0 0 35.93 27.4\"><defs><style>      .cls-1 {        fill: none;        stroke: #fff;        stroke-miterlimit: 10;        stroke-width: .89px;      }    <\/style><\/defs><g id=\"Layer_1-2\" data-name=\"Layer 1\"><g><line class=\"cls-1\" y1=\"13.7\" x2=\"35.3\" y2=\"13.7\"><\/line><polyline class=\"cls-1\" points=\"21.91 .32 35.3 13.7 21.91 27.09\"><\/polyline><\/g><\/g><\/svg>\t\t\t\t\t\t<\/div>\n\t\t\t\t\t<\/div>\t\t\t\t\t\t\t\t<div class=\"box-content\">\n\t\t\t\t\t\t\t\t\t\t\t\t\t\t\t\t\t<h4 class=\"box-heading\">\n\t\t\t\t\t\t\t\t\t\t\t\t\t\t\tContinuar\t\t\t\t\t\t\t\t\t\t\t\t\t<\/h4>\n\t\t\t\t\t\t\t\t\t\t\n\t\t\t\t\t\n\t\t\t\t<\/div>\n\t\t\t<\/div>\n\t\t<\/a>\t\t\t\t\t<\/div>\n\t\t\t\t<\/div>\n\t\t\t\t<\/div>\n\t\t\t\t\t<\/div>\n\t\t\t\t<\/div>\n\t\t\t\t<\/div>","protected":false},"excerpt":{"rendered":"<p>A\u00f1adiendo valor a nuestro valor: Como Balsu, nuestra inversi\u00f3n en carb\u00f3n activado, una de nuestras nuevas inversiones en l\u00ednea con nuestra visi\u00f3n de crecimiento estable y sostenible, es una estrategia de crecimiento que llevar\u00e1 la experiencia, el conocimiento y la pericia que hemos adquirido en el sector de la avellana durante m\u00e1s de 46 a\u00f1os al siguiente nivel y a\u00f1adir\u00e1 valor a nuestro valor. Continuar<\/p>","protected":false},"author":1,"featured_media":0,"parent":0,"menu_order":0,"comment_status":"closed","ping_status":"closed","template":"","meta":{"footnotes":""},"class_list":["post-95282","page","type-page","status-publish","hentry"],"_links":{"self":[{"href":"https:\/\/www.balsugida.com\/es\/wp-json\/wp\/v2\/pages\/95282","targetHints":{"allow":["GET"]}}],"collection":[{"href":"https:\/\/www.balsugida.com\/es\/wp-json\/wp\/v2\/pages"}],"about":[{"href":"https:\/\/www.balsugida.com\/es\/wp-json\/wp\/v2\/types\/page"}],"author":[{"embeddable":true,"href":"https:\/\/www.balsugida.com\/es\/wp-json\/wp\/v2\/users\/1"}],"replies":[{"embeddable":true,"href":"https:\/\/www.balsugida.com\/es\/wp-json\/wp\/v2\/comments?post=95282"}],"version-history":[{"count":73,"href":"https:\/\/www.balsugida.com\/es\/wp-json\/wp\/v2\/pages\/95282\/revisions"}],"predecessor-version":[{"id":97391,"href":"https:\/\/www.balsugida.com\/es\/wp-json\/wp\/v2\/pages\/95282\/revisions\/97391"}],"wp:attachment":[{"href":"https:\/\/www.balsugida.com\/es\/wp-json\/wp\/v2\/media?parent=95282"}],"curies":[{"name":"wp","href":"https:\/\/api.w.org\/{rel}","templated":true}]}}