{"id":95273,"date":"2026-03-23T13:31:03","date_gmt":"2026-03-23T13:31:03","guid":{"rendered":"https:\/\/www.balsugida.com\/?page_id=95273"},"modified":"2026-05-07T08:15:22","modified_gmt":"2026-05-07T08:15:22","slug":"comercio-mundial","status":"publish","type":"page","link":"https:\/\/www.balsugida.com\/es\/comercio-mundial\/","title":{"rendered":"Comercio mundial"},"content":{"rendered":"<div data-elementor-type=\"wp-page\" data-elementor-id=\"95273\" class=\"elementor elementor-95273\" data-elementor-post-type=\"page\">\n\t\t\t\t<div class=\"elementor-element elementor-element-fea085c e-flex e-con-boxed e-con e-parent\" data-id=\"fea085c\" data-element_type=\"container\" data-settings=\"{&quot;background_background&quot;:&quot;classic&quot;}\">\n\t\t\t\t\t<div class=\"e-con-inner\">\n\t\t<div class=\"elementor-element elementor-element-fdf2ab2 e-con-full e-flex e-con e-child\" data-id=\"fdf2ab2\" data-element_type=\"container\">\n\t\t\t\t<div class=\"elementor-element elementor-element-04b92e1 elementor-widget elementor-widget-heading\" data-id=\"04b92e1\" data-element_type=\"widget\" data-widget_type=\"heading.default\">\n\t\t\t\t\t<div class=\"elementor-heading-title elementor-size-default\">Con el comercio mundial <br>\nEstamos reforzando nuestra fortaleza.<\/div>\t\t\t\t<\/div>\n\t\t\t\t<div class=\"elementor-element elementor-element-f4b1a72 elementor-widget-divider--view-line elementor-widget elementor-widget-divider\" data-id=\"f4b1a72\" data-element_type=\"widget\" data-widget_type=\"divider.default\">\n\t\t\t\t\t\t\t<div class=\"elementor-divider\">\n\t\t\t<span class=\"elementor-divider-separator\">\n\t\t\t\t\t\t<\/span>\n\t\t<\/div>\n\t\t\t\t\t\t<\/div>\n\t\t\t\t<div class=\"elementor-element elementor-element-484d8ec elementor-widget elementor-widget-text-editor\" data-id=\"484d8ec\" data-element_type=\"widget\" data-widget_type=\"text-editor.default\">\n\t\t\t\t\t\t\t\t\t<p>En Balsu, gracias a nuestro enfoque global de comercializaci\u00f3n de avellanas, nos posicionamos como un comprador importante en las regiones emergentes productoras de avellanas de Norteam\u00e9rica y Sudam\u00e9rica. Al pasar de un suministro de avellanas de origen \u00fanico a una estructura de suministro de m\u00faltiples or\u00edgenes, mantenemos nuestra cuota de mercado global a la vez que ofrecemos a nuestros clientes un servicio \u00fanico e inigualable en la gesti\u00f3n de riesgos del producto a trav\u00e9s de nuestra red de suministro alternativa.<\/p>\t\t\t\t\t\t\t\t<\/div>\n\t\t\t\t<div class=\"elementor-element elementor-element-1d5ad6e icon-box-vertical-align-center icon-vertical-align-center content-align-left icon-position-left elementor-widget elementor-widget-the7_icon_box_widget\" data-id=\"1d5ad6e\" data-element_type=\"widget\" data-widget_type=\"the7_icon_box_widget.default\">\n\t\t\t\t<div class=\"elementor-widget-container\">\n\t\t\t\t\t\n\t\t<a class=\"the7-box-wrapper the7-elementor-widget box-hover the7_icon_box_widget-1d5ad6e\" href=\"https:\/\/www.balsugida.com\/es\/balsu-agro-chile\/\">\t\t\t<div class=\"box-content-wrapper\">\n\t\t\t\t\t\t\t\t\t<div class=\"elementor-icon-div\">\t\t\t\t\t\t<div class=\"elementor-icon\">\n\t\t\t\t\t\t\t<svg xmlns=\"http:\/\/www.w3.org\/2000\/svg\" id=\"Layer_2\" data-name=\"Layer 2\" viewbox=\"0 0 35.93 27.4\"><defs><style>      .cls-1 {        fill: none;        stroke: #fff;        stroke-miterlimit: 10;        stroke-width: .89px;      }    <\/style><\/defs><g id=\"Layer_1-2\" data-name=\"Layer 1\"><g><line class=\"cls-1\" y1=\"13.7\" x2=\"35.3\" y2=\"13.7\"><\/line><polyline class=\"cls-1\" points=\"21.91 .32 35.3 13.7 21.91 27.09\"><\/polyline><\/g><\/g><\/svg>\t\t\t\t\t\t<\/div>\n\t\t\t\t\t<\/div>\t\t\t\t\t\t\t\t<div class=\"box-content\">\n\t\t\t\t\t\t\t\t\t\t\t\t\t\t\t\t\t<h4 class=\"box-heading\">\n\t\t\t\t\t\t\t\t\t\t\t\t\t\t\tContinuar\t\t\t\t\t\t\t\t\t\t\t\t\t<\/h4>\n\t\t\t\t\t\t\t\t\t\t\n\t\t\t\t\t\n\t\t\t\t<\/div>\n\t\t\t<\/div>\n\t\t<\/a>\t\t\t\t\t<\/div>\n\t\t\t\t<\/div>\n\t\t\t\t<\/div>\n\t\t\t\t\t<\/div>\n\t\t\t\t<\/div>\n\t\t\t\t<\/div>","protected":false},"excerpt":{"rendered":"<p>Fortaleciendo nuestro poder a trav\u00e9s del comercio global: Como Balsu, con nuestro enfoque global de comercio de avellanas, nos hemos posicionado como un comprador s\u00f3lido en las regiones productoras de avellanas en desarrollo de Am\u00e9rica del Norte y del Sur. Al pasar de un suministro de avellanas de un solo origen a una estructura de suministro de m\u00faltiples or\u00edgenes, mantenemos nuestra participaci\u00f3n en el mercado global a la vez que brindamos a nuestros clientes un servicio \u00fanico e inigualable en la gesti\u00f3n de riesgos del producto a trav\u00e9s de nuestra red de suministro alternativa.<\/p>","protected":false},"author":1,"featured_media":0,"parent":0,"menu_order":0,"comment_status":"closed","ping_status":"closed","template":"","meta":{"footnotes":""},"class_list":["post-95273","page","type-page","status-publish","hentry"],"_links":{"self":[{"href":"https:\/\/www.balsugida.com\/es\/wp-json\/wp\/v2\/pages\/95273","targetHints":{"allow":["GET"]}}],"collection":[{"href":"https:\/\/www.balsugida.com\/es\/wp-json\/wp\/v2\/pages"}],"about":[{"href":"https:\/\/www.balsugida.com\/es\/wp-json\/wp\/v2\/types\/page"}],"author":[{"embeddable":true,"href":"https:\/\/www.balsugida.com\/es\/wp-json\/wp\/v2\/users\/1"}],"replies":[{"embeddable":true,"href":"https:\/\/www.balsugida.com\/es\/wp-json\/wp\/v2\/comments?post=95273"}],"version-history":[{"count":61,"href":"https:\/\/www.balsugida.com\/es\/wp-json\/wp\/v2\/pages\/95273\/revisions"}],"predecessor-version":[{"id":97207,"href":"https:\/\/www.balsugida.com\/es\/wp-json\/wp\/v2\/pages\/95273\/revisions\/97207"}],"wp:attachment":[{"href":"https:\/\/www.balsugida.com\/es\/wp-json\/wp\/v2\/media?parent=95273"}],"curies":[{"name":"wp","href":"https:\/\/api.w.org\/{rel}","templated":true}]}}