{"id":95028,"date":"2026-01-26T06:12:26","date_gmt":"2026-01-26T06:12:26","guid":{"rendered":"https:\/\/www.balsugida.com\/?page_id=95028"},"modified":"2026-05-08T13:36:52","modified_gmt":"2026-05-08T13:36:52","slug":"detalles-de-recursos-humanos","status":"publish","type":"page","link":"https:\/\/www.balsugida.com\/es\/detalles-de-recursos-humanos\/","title":{"rendered":"Recursos humanos"},"content":{"rendered":"<div data-elementor-type=\"wp-page\" data-elementor-id=\"95028\" class=\"elementor elementor-95028\" data-elementor-post-type=\"page\">\n\t\t\t\t<div class=\"elementor-element elementor-element-0ac3c91 e-con-full e-flex e-con e-parent\" data-id=\"0ac3c91\" data-element_type=\"container\">\n\t\t\t\t<div class=\"elementor-element elementor-element-831c655 elementor-widget elementor-widget-html\" data-id=\"831c655\" data-element_type=\"widget\" data-widget_type=\"html.default\">\n\t\t\t\t\t<style>\r\n\r\n\r\n.balsu-kariyer-wrap {\r\nfont-family: Lexend;\r\n  font-size: 1.12rem !important;\r\n    line-height: 24px\r\n  color: #2D2D2D;\r\n  line-height: 1.6;\r\n  max-width: 100%;\r\n  overflow: hidden;\r\n}\r\n\r\n.balsu-kariyer-wrap * {\r\n  box-sizing: border-box;\r\n  margin: 0;\r\n  padding: 0;\r\n}\r\n\r\n\/* ===== HERO SECTION ===== *\/\r\n.bk-hero {\r\n  position: relative;\r\n  width: 100%;\r\n  height: clamp(350px, 45svh, 480px);\r\n  display: flex;\r\n  align-items: flex-end;\r\n  padding: 60px 40px;\r\n  background: linear-gradient(to right, rgba(0,0,0,0.55), rgba(0,0,0,0.25)),\r\n              url('https:\/\/www.balsugida.com\/wp-content\/uploads\/2026\/03\/insankaynak.jpg') center\/cover no-repeat;\r\n  overflow: hidden;\r\n}\r\n\r\n.bk-hero-inner {\r\n  width: 100%;\r\n  max-width: 1200px;\r\n  margin: 0 auto;\r\n}\r\n\r\n.bk-hero h1 {\r\n  font-family: 'Manrope', sans-serif;\r\n  font-size: 52px;\r\n  font-weight: 800;\r\n  color: #fff;\r\n  line-height: 1.15;\r\n  max-width: 600px;\r\n}\r\n\r\n\/* ===== CONTENT SECTION ===== *\/\r\n.bk-content-section {\r\n  padding: 70px 80px;\r\n  background: #fff;\r\n}\r\n\r\n.bk-content-inner {\r\n  max-width: 1200px;\r\n  margin: 0 auto;\r\n}\r\n\r\n.bk-content-inner h2 {\r\n  font-family: 'Manrope', sans-serif;\r\n  font-size: 36px;\r\n  font-weight: 800;\r\n  color: #3D1A11;\r\n  margin-bottom: 24px;\r\n}\r\n\r\n.bk-content-inner p {\r\n  font-size: 20px;\r\n  color: #555;\r\n  line-height: 24px;\r\n  margin-bottom: 16px;\r\n\r\n}\r\n\r\n.bk-content-inner p:last-child {\r\n  margin-bottom: 0;\r\n}\r\n\r\n\/* ===== IK POL\u0130T\u0130KA SECTION ===== *\/\r\n.bk-policy-section {\r\n  padding: 70px 80px;\r\n  background: #F5F1ED;\r\n}\r\n\r\n.bk-policy-container {\r\n  max-width: 1200px;\r\n  margin: 0 auto;\r\n}\r\n\r\n.bk-policy-container h2 {\r\n  font-family: 'Manrope', sans-serif;\r\n  font-size: 32px;\r\n  font-weight: 800;\r\n  color: #3D1A11;\r\n  margin-bottom: 40px;\r\n}\r\n\r\n.bk-policy-grid {\r\n  display: grid;\r\n  grid-template-columns: 1fr 1fr;\r\n  gap: 24px;\r\n}\r\n\r\n.bk-policy-card {\r\n  background: #fff;\r\n  border-radius: 14px;\r\n  padding: 32px;\r\n  border: 1px solid #E8E0DA;\r\n  transition: transform 0.3s ease, box-shadow 0.3s ease;\r\n  display: flex;\r\n  align-items: flex-start;\r\n  gap: 20px;\r\n}\r\n\r\n.bk-policy-card:last-child {\r\n  grid-column: 1 \/ -1;\r\n  max-width: calc(50% - 12px);\r\n}\r\n\r\n.bk-policy-card:hover {\r\n  transform: translateY(-4px);\r\n  box-shadow: 0 12px 32px rgba(92, 32, 24, 0.08);\r\n}\r\n\r\n.bk-policy-icon {\r\n  width: 52px;\r\n  height: 52px;\r\n  min-width: 52px;\r\n  border-radius: 12px;\r\n  background: #5C2018;\r\n  display: flex;\r\n  align-items: center;\r\n  justify-content: center;\r\n}\r\n\r\n.bk-policy-icon svg {\r\n  width: 24px;\r\n  height: 24px;\r\n  fill: none;\r\n  stroke: #F5E6D0;\r\n  stroke-width: 1.8;\r\n  stroke-linecap: round;\r\n  stroke-linejoin: round;\r\n}\r\n\r\n.bk-policy-text h4 {\r\n  font-family: 'Manrope', sans-serif;\r\n  font-size: 17px;\r\n  font-weight: 700;\r\n  color: #3D1A11;\r\n  margin-bottom: 8px;\r\n}\r\n\r\n.bk-policy-text p {\r\n  font-size: 14px;\r\n  color: #666;\r\n  line-height: 1.6;\r\n  margin: 0;\r\n  font-weight: normal;\r\n}\r\n\r\n\/* ===== KARIYER FIRSATLARI ===== *\/\r\n.bk-career-section {\r\n  padding: 70px 80px;\r\n  background: #fff;\r\n}\r\n\r\n.bk-career-container {\r\n  max-width: 1200px;\r\n  margin: 0 auto;\r\n  display: flex;\r\n  gap: 60px;\r\n  align-items: flex-start;\r\n}\r\n\r\n.bk-career-left {\r\n  flex: 1;\r\n}\r\n\r\n.bk-career-left h2 {\r\n  font-family: 'Manrope', sans-serif;\r\n  font-size: 32px;\r\n  font-weight: 800;\r\n  color: #3D1A11;\r\n  margin-bottom: 24px;\r\n}\r\n\r\n.bk-career-left p {\r\n  font-size: 20px;\r\n  color: #555;\r\n  line-height: 24px;\r\n  margin-bottom: 16px;\r\n}\r\n\r\n.bk-career-left p:last-child {\r\n  margin-bottom: 0;\r\n}\r\n\r\n.bk-career-right {\r\n  width: 340px;\r\n  min-width: 340px;\r\n  background: linear-gradient(135deg, #5C2018, #7A3A2A);\r\n  border-radius: 20px;\r\n  padding: 40px 32px;\r\n  color: #fff;\r\n  display: flex;\r\n  flex-direction: column;\r\n  gap: 28px;\r\n}\r\n\r\n.bk-career-stat {\r\n  text-align: center;\r\n}\r\n\r\n.bk-career-stat .num {\r\n  font-family: 'Manrope', sans-serif;\r\n  font-size: 44px;\r\n  font-weight: 800;\r\n  line-height: 1.1;\r\n  color: #F5E6D0;\r\n}\r\n\r\n.bk-career-stat .lbl {\r\n  font-size: 13px;\r\n  font-weight: 500;\r\n  color: rgba(255,255,255,0.75);\r\n  margin-top: 6px;\r\n}\r\n\r\n.bk-career-divider {\r\n  height: 1px;\r\n  background: rgba(255,255,255,0.15);\r\n}\r\n\r\n\/* ===== RESPONSIVE ===== *\/\r\n@media (max-width: 1024px) {\r\n  .bk-hero { padding: 40px; min-height: 380px; height: auto; }\r\n  .bk-hero h1 { font-size: 40px; }\r\n  .bk-content-section, .bk-policy-section, .bk-career-section { padding: 50px 40px; }\r\n  .bk-career-container { flex-direction: column; }\r\n  .bk-career-right { width: 100%; min-width: 100%; flex-direction: row; flex-wrap: wrap; justify-content: center; }\r\n  .bk-career-stat { flex: 1; min-width: 120px; }\r\n  .bk-career-divider { display: none; }\r\n  .bk-policy-card:last-child { max-width: 100%; }\r\n}\r\n\r\n@media (max-width: 768px) {\r\n  .bk-hero { padding: 30px 24px; min-height: 280px; height: auto; }\r\n  .bk-hero h1 { font-size: 32px; }\r\n  .bk-content-section, .bk-policy-section, .bk-career-section { padding: 40px 24px; }\r\n  .bk-content-inner h2 { font-size: 28px; }\r\n  .bk-policy-container h2, .bk-career-left h2 { font-size: 26px; }\r\n  .bk-policy-grid { grid-template-columns: 1fr; }\r\n  .bk-policy-card:last-child { max-width: 100%; }\r\n  .bk-career-right { padding: 28px 20px; }\r\n  .bk-career-stat .num { font-size: 34px; }\r\n}\r\n<\/style>\r\n\r\n<div class=\"balsu-kariyer-wrap\">\r\n\r\n  <!-- HERO -->\r\n  <div class=\"bk-hero\">\r\n    <div class=\"bk-hero-inner\">\r\n      <h1>En Balsu<br>Carrera y vida<\/h1>\r\n    <\/div>\r\n  <\/div>\r\n\r\n  <!-- \u0130NSAN KAYNAKLARI \u0130\u00c7ER\u0130K -->\r\n  <div class=\"bk-content-section\">\r\n    <div class=\"bk-content-inner\">\r\n      <h2>Recursos humanos<\/h2>\r\n      <p>Con una larga trayectoria de casi medio siglo y una s\u00f3lida presencia global, nos encontramos entre las empresas l\u00edderes del sector de la avellana. Gracias a nuestras operaciones en diversas partes del mundo y a nuestra avanzada infraestructura de producci\u00f3n, no solo creamos productos, sino tambi\u00e9n valor.<\/p>\r\n      <p>En el coraz\u00f3n de esta fortaleza se encuentran nuestros recursos humanos. Nuestro enfoque de Recursos Humanos es parte integral de nuestra filosof\u00eda corporativa, marcada por altos est\u00e1ndares, sostenibilidad y un enfoque en la excelencia.<\/p>\r\n      <p>Ofrecemos a nuestros empleados una experiencia laboral donde pueden desarrollar su potencial, sus contribuciones son valoradas y se apoya su desarrollo continuo, como parte de una organizaci\u00f3n internacional.<\/p>\r\n    <\/div>\r\n  <\/div>\r\n\r\n  <!-- \u0130K POL\u0130T\u0130KASI -->\r\n  <div class=\"bk-policy-section\">\r\n    <div class=\"bk-policy-container\">\r\n      <h2>Nuestra pol\u00edtica de recursos humanos<\/h2>\r\n      <div class=\"bk-policy-grid\">\r\n        <div class=\"bk-policy-card\">\r\n          <div class=\"bk-policy-icon\">\r\n            <svg viewbox=\"0 0 24 24\"><polygon points=\"12 2 15.09 8.26 22 9.27 17 14.14 18.18 21.02 12 17.77 5.82 21.02 7 14.14 2 9.27 8.91 8.26 12 2\"\/><\/svg>\r\n          <\/div>\r\n          <div class=\"bk-policy-text\">\r\n            <h4>Adquisici\u00f3n de talento excepcional<\/h4>\r\n            <p>Un enfoque de selecci\u00f3n y contrataci\u00f3n basado en est\u00e1ndares globales, competencia y adecuaci\u00f3n cultural.<\/p>\r\n          <\/div>\r\n        <\/div>\r\n        <div class=\"bk-policy-card\">\r\n          <div class=\"bk-policy-icon\">\r\n            <svg viewbox=\"0 0 24 24\"><polyline points=\"23 6 13.5 15.5 8.5 10.5 1 18\"\/><polyline points=\"17 6 23 6 23 12\"\/><\/svg>\r\n          <\/div>\r\n          <div class=\"bk-policy-text\">\r\n            <h4>Desarrollo y trayectoria profesional<\/h4>\r\n            <p>Un modelo de carrera profesional centrado en el desarrollo sostenible, respaldado por oportunidades locales e internacionales.<\/p>\r\n          <\/div>\r\n        <\/div>\r\n        <div class=\"bk-policy-card\">\r\n          <div class=\"bk-policy-icon\">\r\n            <svg viewbox=\"0 0 24 24\"><path d=\"M6 9H4.5a2.5 2.5 0 0 1 0-5C7 4 9 7 12 7s5-3 7.5-3a2.5 2.5 0 0 1 0 5H18\"\/><path d=\"M18 15h1.5a2.5 2.5 0 0 0 0-5H18\"\/><path d=\"M6 15H4.5a2.5 2.5 0 0 1 0-5H6\"\/><line x1=\"6\" y1=\"9\" x2=\"6\" y2=\"21\"\/><line x1=\"18\" y1=\"9\" x2=\"18\" y2=\"21\"\/><line x1=\"6\" y1=\"15\" x2=\"18\" y2=\"15\"\/><line x1=\"6\" y1=\"21\" x2=\"18\" y2=\"21\"\/><\/svg>\r\n          <\/div>\r\n          <div class=\"bk-policy-text\">\r\n            <h4>Rendimiento y recompensa<\/h4>\r\n            <p>Un sistema justo y competitivo que fomente el alto rendimiento.<\/p>\r\n          <\/div>\r\n        <\/div>\r\n        <div class=\"bk-policy-card\">\r\n          <div class=\"bk-policy-icon\">\r\n            <svg viewbox=\"0 0 24 24\"><path d=\"M17 21v-2a4 4 0 0 0-4-4H5a4 4 0 0 0-4 4v2\"\/><circle cx=\"9\" cy=\"7\" r=\"4\"\/><path d=\"M23 21v-2a4 4 0 0 0-3-3.87\"\/><path d=\"M16 3.13a4 4 0 0 1 0 7.75\"\/><\/svg>\r\n          <\/div>\r\n          <div class=\"bk-policy-text\">\r\n            <h4>Cultura organizacional<\/h4>\r\n            <p>Una s\u00f3lida estructura organizativa basada en la confianza, la colaboraci\u00f3n y el compromiso con la excelencia.<\/p>\r\n          <\/div>\r\n        <\/div>\r\n        <div class=\"bk-policy-card\">\r\n          <div class=\"bk-policy-icon\">\r\n            <svg viewbox=\"0 0 24 24\"><path d=\"M20.84 4.61a5.5 5.5 0 0 0-7.78 0L12 5.67l-1.06-1.06a5.5 5.5 0 0 0-7.78 7.78l1.06 1.06L12 21.23l7.78-7.78 1.06-1.06a5.5 5.5 0 0 0 0-7.78z\"\/><\/svg>\r\n          <\/div>\r\n          <div class=\"bk-policy-text\">\r\n            <h4>Experiencia del empleado<\/h4>\r\n            <p>Un enfoque integral que fortalece el compromiso de los empleados y el sentido de pertenencia a la empresa.<\/p>\r\n          <\/div>\r\n        <\/div>\r\n      <\/div>\r\n    <\/div>\r\n  <\/div>\r\n\r\n  <!-- KAR\u0130YER FIRSATLARI -->\r\n  <div class=\"bk-career-section\">\r\n    <div class=\"bk-career-container\">\r\n      <div class=\"bk-career-left\">\r\n        <h2>Oportunidades profesionales<\/h2>\r\n        <p>En nuestra empresa, una carrera profesional no se trata solo de un puesto, sino de un camino de desarrollo a escala global.<\/p>\r\n        <p>Gracias a nuestra s\u00f3lida estructura organizativa, nuestro alcance internacional y nuestros altos est\u00e1ndares de calidad, nuestro objetivo es maximizar el potencial de nuestros empleados.<\/p>\r\n        <p>Estar\u00edamos encantados de dar la bienvenida a profesionales motivados para marcar la diferencia, con un alto sentido de la responsabilidad y que aspiren a formar parte de una marca global.<\/p>\r\n      <\/div>\r\n\r\n    <\/div>\r\n  <\/div>\r\n\r\n<\/div>\t\t\t\t<\/div>\n\t\t\t\t<\/div>\n\t\t\t\t<\/div>","protected":false},"excerpt":{"rendered":"<p>Carrera y vida en Balsu Recursos Humanos Con una larga trayectoria de casi medio siglo y una s\u00f3lida presencia global, nos encontramos entre las organizaciones l\u00edderes del sector de la avellana. Nuestras operaciones se extienden por diversas regiones del mundo y contamos con una infraestructura de producci\u00f3n de tecnolog\u00eda avanzada que nos permite generar no solo productos, sino tambi\u00e9n valor. En el centro de esta fortaleza se encuentran nuestros recursos humanos. Nuestro enfoque de Recursos Humanos se basa en altos est\u00e1ndares, sostenibilidad y\u2026<\/p>","protected":false},"author":1,"featured_media":0,"parent":0,"menu_order":0,"comment_status":"closed","ping_status":"closed","template":"","meta":{"footnotes":""},"class_list":["post-95028","page","type-page","status-publish","hentry"],"_links":{"self":[{"href":"https:\/\/www.balsugida.com\/es\/wp-json\/wp\/v2\/pages\/95028","targetHints":{"allow":["GET"]}}],"collection":[{"href":"https:\/\/www.balsugida.com\/es\/wp-json\/wp\/v2\/pages"}],"about":[{"href":"https:\/\/www.balsugida.com\/es\/wp-json\/wp\/v2\/types\/page"}],"author":[{"embeddable":true,"href":"https:\/\/www.balsugida.com\/es\/wp-json\/wp\/v2\/users\/1"}],"replies":[{"embeddable":true,"href":"https:\/\/www.balsugida.com\/es\/wp-json\/wp\/v2\/comments?post=95028"}],"version-history":[{"count":46,"href":"https:\/\/www.balsugida.com\/es\/wp-json\/wp\/v2\/pages\/95028\/revisions"}],"predecessor-version":[{"id":97351,"href":"https:\/\/www.balsugida.com\/es\/wp-json\/wp\/v2\/pages\/95028\/revisions\/97351"}],"wp:attachment":[{"href":"https:\/\/www.balsugida.com\/es\/wp-json\/wp\/v2\/media?parent=95028"}],"curies":[{"name":"wp","href":"https:\/\/api.w.org\/{rel}","templated":true}]}}