{"id":94691,"date":"2026-01-12T13:15:00","date_gmt":"2026-01-12T13:15:00","guid":{"rendered":"https:\/\/www.balsugida.com\/?page_id=94691"},"modified":"2026-01-12T14:02:54","modified_gmt":"2026-01-12T14:02:54","slug":"contribucion-de-las-naciones-unidas-onu-a-los-objetivos-de-desarrollo-sostenible","status":"publish","type":"page","link":"https:\/\/www.balsugida.com\/es\/contribucion-de-las-naciones-unidas-onu-a-los-objetivos-de-desarrollo-sostenible\/","title":{"rendered":"Contribuci\u00f3n a los Objetivos de Desarrollo Sostenible de las Naciones Unidas (ONU)"},"content":{"rendered":"<div data-elementor-type=\"wp-page\" data-elementor-id=\"94691\" class=\"elementor elementor-94691\" data-elementor-post-type=\"page\">\n\t\t\t\t<div class=\"elementor-element elementor-element-75886c3 e-flex e-con-boxed e-con e-parent\" data-id=\"75886c3\" data-element_type=\"container\">\n\t\t\t\t\t<div class=\"e-con-inner\">\n\t\t\t\t<div class=\"elementor-element elementor-element-1828a8d elementor-widget elementor-widget-html\" data-id=\"1828a8d\" data-element_type=\"widget\" data-widget_type=\"html.default\">\n\t\t\t\t\t<style>\r\n    .ska-content {\r\n        max-width: 1200px;\r\n        margin: 40px auto;\r\n    }\r\n\r\n    .ska-header {\r\n        margin-bottom: 30px;\r\n    }\r\n\r\n    .ska-header h2 {\r\n        font-size: 1.8rem;\r\n        font-weight: 700;\r\n        color: #1a1a1a;\r\n        margin-bottom: 15px;\r\n    }\r\n\r\n    .ska-header .line {\r\n        height: 1px;\r\n        background: #e0e0e0;\r\n        margin-bottom: 25px;\r\n    }\r\n\r\n    .ska-header p {\r\n        color: #444;\r\n        line-height: 1.7;\r\n        font-size: 0.95rem;\r\n    }\r\n\r\n    \/* SKA Container Box *\/\r\n    .ska-container {\r\n        position: relative;\r\n        background: linear-gradient(rgba(0, 0, 0, 0.65), rgba(0, 0, 0, 0.65)),\r\n            url('https:\/\/www.balsugida.com\/wp-content\/uploads\/2026\/01\/tarimmm.jpg');\r\n        background-size: cover;\r\n        background-position: center;\r\n        border-radius: 20px;\r\n        padding: 50px;\r\n        color: white;\r\n        overflow: hidden;\r\n    }\r\n\r\n    .ska-container-title {\r\n        font-size: 1.25rem;\r\n        font-weight: 600;\r\n        margin-bottom: 40px;\r\n        text-align: left;\r\n        color: white !important;\r\n    }\r\n\r\n    \/* Simple Grid for SKRs *\/\r\n    .ska-grid {\r\n        display: grid;\r\n        grid-template-columns: 1fr 1fr;\r\n        gap: 20px 60px;\r\n    }\r\n\r\n    .ska-item {\r\n        display: flex;\r\n        align-items: center;\r\n        gap: 15px;\r\n        transition: transform 0.3s ease;\r\n    }\r\n\r\n    .ska-item:hover {\r\n        transform: translateX(10px);\r\n    }\r\n\r\n    .ska-icon {\r\n        width: 80px;\r\n        height: 80px;\r\n        border-radius: 8px;\r\n        overflow: hidden;\r\n        flex-shrink: 0;\r\n        box-shadow: 0 4px 15px rgba(0, 0, 0, 0.2);\r\n    }\r\n\r\n    .ska-icon img {\r\n        width: 100%;\r\n        height: 100%;\r\n        object-fit: cover;\r\n    }\r\n\r\n    .ska-name {\r\n        font-size: 1rem;\r\n        font-weight: 500;\r\n        color: #fff;\r\n    }\r\n\r\n    \/* Matrix Table Styles *\/\r\n    .ska-matrix-section {\r\n        margin-top: 60px;\r\n        overflow-x: auto;\r\n    }\r\n\r\n    .ska-table {\r\n        width: 100%;\r\n        border-collapse: collapse;\r\n        background: #fdfaf5;\r\n        border: 1px solid #e2d1c3;\r\n    }\r\n\r\n    .ska-table th,\r\n    .ska-table td {\r\n        border: 1px solid #e2d1c3;\r\n        padding: 10px;\r\n        text-align: center;\r\n        vertical-align: middle;\r\n    }\r\n\r\n    .ska-table th {\r\n        background: #fdfaf5;\r\n        padding: 5px;\r\n    }\r\n\r\n    .ska-table th:first-child {\r\n        width: 200px;\r\n        text-align: left;\r\n        padding-left: 20px;\r\n    }\r\n\r\n    .ska-table td:first-child {\r\n        text-align: left;\r\n        padding-left: 20px;\r\n        font-weight: 600;\r\n        color: #7F392C;\r\n        background: #fdfaf5;\r\n    }\r\n\r\n    .header-icon {\r\n        width: 45px;\r\n        height: 45px;\r\n        object-fit: cover;\r\n        border-radius: 4px;\r\n        display: block;\r\n        margin: 0 auto;\r\n    }\r\n\r\n    \/* Dot Styles *\/\r\n    .dot-direct {\r\n        width: 22px;\r\n        height: 22px;\r\n        background-color: #7F392C;\r\n        border-radius: 50%;\r\n        margin: 0 auto;\r\n        position: relative;\r\n        border: 2px solid #7F392C;\r\n    }\r\n\r\n    .dot-direct::after {\r\n        content: '';\r\n        position: absolute;\r\n        width: 6px;\r\n        height: 6px;\r\n        background: white;\r\n        border-radius: 50%;\r\n        top: 50%;\r\n        left: 50%;\r\n        transform: translate(-50%, -50%);\r\n    }\r\n\r\n    .dot-indirect {\r\n        width: 20px;\r\n        height: 20px;\r\n        border: 2px solid #7F392C;\r\n        border-radius: 50%;\r\n        margin: 0 auto;\r\n        background: transparent;\r\n    }\r\n\r\n    \/* Legend *\/\r\n    .matrix-legend {\r\n        display: flex;\r\n        gap: 30px;\r\n        margin-top: 25px;\r\n        font-size: 0.95rem;\r\n        color: #444;\r\n        font-weight: 600;\r\n        padding-left: 5px;\r\n    }\r\n\r\n    .legend-item {\r\n        display: flex;\r\n        align-items: center;\r\n        gap: 10px;\r\n    }\r\n\r\n    @media (max-width: 992px) {\r\n        .ska-grid {\r\n            grid-template-columns: 1fr;\r\n            gap: 20px;\r\n        }\r\n\r\n        .ska-container {\r\n            padding: 30px 20px;\r\n        }\r\n\r\n        .ska-header h2 {\r\n            font-size: 1.5rem;\r\n        }\r\n\r\n        .ska-table th:first-child,\r\n        .ska-table td:first-child {\r\n            width: 150px;\r\n            font-size: 0.85rem;\r\n        }\r\n\r\n        .header-icon {\r\n            width: 35px;\r\n            height: 35px;\r\n        }\r\n    }\r\n<\/style>\r\n\r\n<div class=\"ska-content\">\r\n    <div class=\"ska-header\">\r\n        <h2>Contribuci\u00f3n a los Objetivos de Desarrollo Sostenible de las Naciones Unidas (ONU)<\/h2>\r\n        <div class=\"line\"><\/div>\r\n        <p>Balsu G\u0131da ha vinculado sus estrategias de sostenibilidad y sus prioridades con los Objetivos de Desarrollo Sostenible (ODS) de las Naciones Unidas. En este marco, se realiz\u00f3 un estudio de mapeo que identific\u00f3 las \u00e1reas de m\u00e1xima prioridad y las aline\u00f3 con los ODS.<\/p>\r\n    <\/div>\r\n\r\n    <div class=\"ska-container\">\r\n        <h3 class=\"ska-container-title\">Los ODS que est\u00e1n directamente relacionados con las cuestiones de m\u00e1xima prioridad de Balsu G\u0131da.\r\n        <\/h3>\r\n\r\n        <div class=\"ska-grid\">\r\n            <!-- SKA 2 -->\r\n            <div class=\"ska-item\">\r\n                <div class=\"ska-icon\">\r\n                    <img decoding=\"async\" src=\"https:\/\/www.balsugida.com\/wp-content\/uploads\/2026\/01\/aclik.png\" alt=\"Acabar con el hambre\">\r\n                <\/div>\r\n                <span class=\"ska-name\">ODS 2: Poner fin al hambre<\/span>\r\n            <\/div>\r\n\r\n            <!-- SKA 11 -->\r\n            <div class=\"ska-item\">\r\n                <div class=\"ska-icon\">\r\n                    <img decoding=\"async\" src=\"https:\/\/www.balsugida.com\/wp-content\/uploads\/2026\/01\/surdurulebilir.png\"\r\n                        alt=\"Ciudades y comunidades sostenibles\">\r\n                <\/div>\r\n                <span class=\"ska-name\">ODS 11: Ciudades y comunidades sostenibles<\/span>\r\n            <\/div>\r\n\r\n            <!-- SKA 3 -->\r\n            <div class=\"ska-item\">\r\n                <div class=\"ska-icon\">\r\n                    <img decoding=\"async\" src=\"https:\/\/www.balsugida.com\/wp-content\/uploads\/2026\/01\/saglik.png\"\r\n                        alt=\"Salud y calidad de vida\">\r\n                <\/div>\r\n                <span class=\"ska-name\">ODS 3: Salud y calidad de vida<\/span>\r\n            <\/div>\r\n\r\n            <!-- SKA 12 -->\r\n            <div class=\"ska-item\">\r\n                <div class=\"ska-icon\">\r\n                    <img decoding=\"async\" src=\"https:\/\/www.balsugida.com\/wp-content\/uploads\/2026\/01\/sorumluuretim.png\"\r\n                        alt=\"Producci\u00f3n y consumo responsables\">\r\n                <\/div>\r\n                <span class=\"ska-name\">ODS 12: Producci\u00f3n y consumo responsables<\/span>\r\n            <\/div>\r\n\r\n            <!-- SKA 4 -->\r\n            <div class=\"ska-item\">\r\n                <div class=\"ska-icon\">\r\n                    <img decoding=\"async\" src=\"https:\/\/www.balsugida.com\/wp-content\/uploads\/2026\/01\/egitim.png\"\r\n                        alt=\"Educaci\u00f3n de calidad\">\r\n                <\/div>\r\n                <span class=\"ska-name\">ODS 4: Educaci\u00f3n de calidad<\/span>\r\n            <\/div>\r\n\r\n            <!-- SKA 13 -->\r\n            <div class=\"ska-item\">\r\n                <div class=\"ska-icon\">\r\n                    <img decoding=\"async\" src=\"https:\/\/www.balsugida.com\/wp-content\/uploads\/2026\/01\/iklim.png\" alt=\"Acci\u00f3n clim\u00e1tica\">\r\n                <\/div>\r\n                <span class=\"ska-name\">ODS 13: Acci\u00f3n por el clima<\/span>\r\n            <\/div>\r\n\r\n            <!-- SKA 6 -->\r\n            <div class=\"ska-item\">\r\n                <div class=\"ska-icon\">\r\n                    <img decoding=\"async\" src=\"https:\/\/www.balsugida.com\/wp-content\/uploads\/2026\/01\/temizsu.png\"\r\n                        alt=\"Agua potable y saneamiento\">\r\n                <\/div>\r\n                <span class=\"ska-name\">ODS 6: Agua limpia y saneamiento<\/span>\r\n            <\/div>\r\n\r\n            <!-- SKA 15 -->\r\n            <div class=\"ska-item\">\r\n                <div class=\"ska-icon\">\r\n                    <img decoding=\"async\" src=\"https:\/\/www.balsugida.com\/wp-content\/uploads\/2026\/01\/karasalyasam.png\"\r\n                        alt=\"Vida terrestre\">\r\n                <\/div>\r\n                <span class=\"ska-name\">ODS 15: Vida terrestre<\/span>\r\n            <\/div>\r\n\r\n            <!-- SKA 7 -->\r\n            <div class=\"ska-item\">\r\n                <div class=\"ska-icon\">\r\n                    <img decoding=\"async\" src=\"https:\/\/www.balsugida.com\/wp-content\/uploads\/2026\/01\/temizenerji.png\"\r\n                        alt=\"Energ\u00eda accesible y limpia\">\r\n                <\/div>\r\n                <span class=\"ska-name\">ODS 7: Energ\u00eda accesible y limpia<\/span>\r\n            <\/div>\r\n\r\n            <!-- SKA 16 -->\r\n            <div class=\"ska-item\">\r\n                <div class=\"ska-icon\">\r\n                    <img decoding=\"async\" src=\"https:\/\/www.balsugida.com\/wp-content\/uploads\/2026\/01\/barisadalet.png\"\r\n                        alt=\"Paz, justicia e instituciones s\u00f3lidas\">\r\n                <\/div>\r\n                <span class=\"ska-name\">ODS 16: Paz, justicia e instituciones s\u00f3lidas<\/span>\r\n            <\/div>\r\n\r\n            <!-- SKA 8 -->\r\n            <div class=\"ska-item\">\r\n                <div class=\"ska-icon\">\r\n                    <img decoding=\"async\" src=\"https:\/\/www.balsugida.com\/wp-content\/uploads\/2026\/01\/ekono.png\"\r\n                        alt=\"Trabajo decente y crecimiento econ\u00f3mico\">\r\n                <\/div>\r\n                <span class=\"ska-name\">ODS 8: Trabajo decente y crecimiento econ\u00f3mico<\/span>\r\n            <\/div>\r\n\r\n            <!-- SKA 17 -->\r\n            <div class=\"ska-item\">\r\n                <div class=\"ska-icon\">\r\n                    <img decoding=\"async\" src=\"https:\/\/www.balsugida.com\/wp-content\/uploads\/2026\/01\/amaclar.png\"\r\n                        alt=\"Alianzas para lograr el objetivo\">\r\n                <\/div>\r\n                <span class=\"ska-name\">ODS 17: Alianzas para lograr los Objetivos<\/span>\r\n            <\/div>\r\n        <\/div>\r\n    <\/div>\r\n\r\n    <div class=\"ska-matrix-section\">\r\n        <table class=\"ska-table\">\r\n            <thead>\r\n                <tr>\r\n                    <th><\/th>\r\n                    <th><img decoding=\"async\" src=\"https:\/\/www.balsugida.com\/wp-content\/uploads\/2026\/01\/Sustainable_Development_Goals-tr.svg-kopya.png\"\r\n                            class=\"header-icon\" title=\"SKA 1\"><\/th>\r\n                    <th><img decoding=\"async\" src=\"https:\/\/www.balsugida.com\/wp-content\/uploads\/2026\/01\/aclik.png\" class=\"header-icon\"\r\n                            title=\"SKA 2\"><\/th>\r\n                    <th><img decoding=\"async\" src=\"https:\/\/www.balsugida.com\/wp-content\/uploads\/2026\/01\/saglik.png\"\r\n                            class=\"header-icon\" title=\"SKA 3\"><\/th>\r\n                    <th><img decoding=\"async\" src=\"https:\/\/www.balsugida.com\/wp-content\/uploads\/2026\/01\/egitim.png\"\r\n                            class=\"header-icon\" title=\"SKA 4\"><\/th>\r\n                    <th><img decoding=\"async\" src=\"https:\/\/www.balsugida.com\/wp-content\/uploads\/2026\/01\/cinsiyet.png\"\r\n                            class=\"header-icon\" title=\"SKA 5\"><\/th>\r\n                    <th><img decoding=\"async\" src=\"https:\/\/www.balsugida.com\/wp-content\/uploads\/2026\/01\/temizsu.png\"\r\n                            class=\"header-icon\" title=\"SKA 6\"><\/th>\r\n                    <th><img decoding=\"async\" src=\"https:\/\/www.balsugida.com\/wp-content\/uploads\/2026\/01\/temizenerji.png\"\r\n                            class=\"header-icon\" title=\"SKA 7\"><\/th>\r\n                    <th><img decoding=\"async\" src=\"https:\/\/www.balsugida.com\/wp-content\/uploads\/2026\/01\/ekono.png\" class=\"header-icon\"\r\n                            title=\"SKA 8\"><\/th>\r\n                    <th><img decoding=\"async\" src=\"https:\/\/www.balsugida.com\/wp-content\/uploads\/2026\/01\/sanayi.png\"\r\n                            class=\"header-icon\" title=\"SKA 9\"><\/th>\r\n                    <th><img decoding=\"async\" src=\"https:\/\/www.balsugida.com\/wp-content\/uploads\/2026\/01\/esitsizlik.png\"\r\n                            class=\"header-icon\" title=\"SKA 10\"><\/th>\r\n                    <th><img decoding=\"async\" src=\"https:\/\/www.balsugida.com\/wp-content\/uploads\/2026\/01\/surdurulebilir.png\"\r\n                            class=\"header-icon\" title=\"SKA 11\"><\/th>\r\n                    <th><img decoding=\"async\" src=\"https:\/\/www.balsugida.com\/wp-content\/uploads\/2026\/01\/sorumluuretim.png\"\r\n                            class=\"header-icon\" title=\"SKA 12\"><\/th>\r\n                    <th><img decoding=\"async\" src=\"https:\/\/www.balsugida.com\/wp-content\/uploads\/2026\/01\/iklim.png\" class=\"header-icon\"\r\n                            title=\"SKA 13\"><\/th>\r\n                    <th><img decoding=\"async\" src=\"https:\/\/www.balsugida.com\/wp-content\/uploads\/2026\/01\/sudakiyasam.png\"\r\n                            class=\"header-icon\" title=\"SKA 14\"><\/th>\r\n                    <th><img decoding=\"async\" src=\"https:\/\/www.balsugida.com\/wp-content\/uploads\/2026\/01\/karasalyasam.png\"\r\n                            class=\"header-icon\" title=\"SKA 15\"><\/th>\r\n                    <th><img decoding=\"async\" src=\"https:\/\/www.balsugida.com\/wp-content\/uploads\/2026\/01\/barisadalet.png\"\r\n                            class=\"header-icon\" title=\"SKA 16\"><\/th>\r\n                    <th><img decoding=\"async\" src=\"https:\/\/www.balsugida.com\/wp-content\/uploads\/2026\/01\/amaclar.png\"\r\n                            class=\"header-icon\" title=\"SKA 17\"><\/th>\r\n                <\/tr>\r\n            <\/thead>\r\n            <tbody>\r\n                <tr>\r\n                    <td>Agricultura sostenible<\/td>\r\n                    <td>\r\n                        <div class=\"dot-direct\"><\/div>\r\n                    <\/td>\r\n                    <td>\r\n                        <div class=\"dot-indirect\"><\/div>\r\n                    <\/td>\r\n                    <td><\/td>\r\n                    <td><\/td>\r\n                    <td><\/td>\r\n                    <td><\/td>\r\n                    <td><\/td>\r\n                    <td>\r\n                        <div class=\"dot-direct\"><\/div>\r\n                    <\/td>\r\n                    <td><\/td>\r\n                    <td><\/td>\r\n                    <td><\/td>\r\n                    <td>\r\n                        <div class=\"dot-indirect\"><\/div>\r\n                    <\/td>\r\n                    <td><\/td>\r\n                    <td><\/td>\r\n                    <td>\r\n                        <div class=\"dot-indirect\"><\/div>\r\n                    <\/td>\r\n                    <td><\/td>\r\n                    <td><\/td>\r\n                <\/tr>\r\n                <tr>\r\n                    <td>Cambio clim\u00e1tico<\/td>\r\n                    <td><\/td>\r\n                    <td><\/td>\r\n                    <td><\/td>\r\n                    <td><\/td>\r\n                    <td><\/td>\r\n                    <td>\r\n                        <div class=\"dot-direct\"><\/div>\r\n                    <\/td>\r\n                    <td>\r\n                        <div class=\"dot-indirect\"><\/div>\r\n                    <\/td>\r\n                    <td><\/td>\r\n                    <td><\/td>\r\n                    <td><\/td>\r\n                    <td>\r\n                        <div class=\"dot-direct\"><\/div>\r\n                    <\/td>\r\n                    <td><\/td>\r\n                    <td>\r\n                        <div class=\"dot-indirect\"><\/div>\r\n                    <\/td>\r\n                    <td><\/td>\r\n                    <td><\/td>\r\n                    <td><\/td>\r\n                    <td><\/td>\r\n                <\/tr>\r\n                <tr>\r\n                    <td>Seguridad y salud en el trabajo (SST)<\/td>\r\n                    <td><\/td>\r\n                    <td><\/td>\r\n                    <td>\r\n                        <div class=\"dot-indirect\"><\/div>\r\n                    <\/td>\r\n                    <td><\/td>\r\n                    <td>\r\n                        <div class=\"dot-direct\"><\/div>\r\n                    <\/td>\r\n                    <td><\/td>\r\n                    <td><\/td>\r\n                    <td><\/td>\r\n                    <td><\/td>\r\n                    <td>\r\n                        <div class=\"dot-direct\"><\/div>\r\n                    <\/td>\r\n                    <td><\/td>\r\n                    <td><\/td>\r\n                    <td><\/td>\r\n                    <td><\/td>\r\n                    <td><\/td>\r\n                    <td><\/td>\r\n                    <td><\/td>\r\n                <\/tr>\r\n                <tr>\r\n                    <td>Gesti\u00f3n de residuos<\/td>\r\n                    <td><\/td>\r\n                    <td><\/td>\r\n                    <td><\/td>\r\n                    <td><\/td>\r\n                    <td><\/td>\r\n                    <td>\r\n                        <div class=\"dot-indirect\"><\/div>\r\n                    <\/td>\r\n                    <td><\/td>\r\n                    <td><\/td>\r\n                    <td><\/td>\r\n                    <td><\/td>\r\n                    <td><\/td>\r\n                    <td>\r\n                        <div class=\"dot-indirect\"><\/div>\r\n                    <\/td>\r\n                    <td><\/td>\r\n                    <td>\r\n                        <div class=\"dot-direct\"><\/div>\r\n                    <\/td>\r\n                    <td>\r\n                        <div class=\"dot-direct\"><\/div>\r\n                    <\/td>\r\n                    <td><\/td>\r\n                    <td><\/td>\r\n                <\/tr>\r\n                <tr>\r\n                    <td>Participaci\u00f3n social<\/td>\r\n                    <td><\/td>\r\n                    <td><\/td>\r\n                    <td><\/td>\r\n                    <td>\r\n                        <div class=\"dot-direct\"><\/div>\r\n                    <\/td>\r\n                    <td>\r\n                        <div class=\"dot-direct\"><\/div>\r\n                    <\/td>\r\n                    <td><\/td>\r\n                    <td><\/td>\r\n                    <td><\/td>\r\n                    <td><\/td>\r\n                    <td><\/td>\r\n                    <td>\r\n                        <div class=\"dot-indirect\"><\/div>\r\n                    <\/td>\r\n                    <td><\/td>\r\n                    <td><\/td>\r\n                    <td><\/td>\r\n                    <td><\/td>\r\n                    <td><\/td>\r\n                    <td>\r\n                        <div class=\"dot-indirect\"><\/div>\r\n                    <\/td>\r\n                <\/tr>\r\n                <tr>\r\n                    <td>Desarrollo de empleados y gesti\u00f3n del talento<\/td>\r\n                    <td><\/td>\r\n                    <td><\/td>\r\n                    <td><\/td>\r\n                    <td>\r\n                        <div class=\"dot-indirect\"><\/div>\r\n                    <\/td>\r\n                    <td>\r\n                        <div class=\"dot-direct\"><\/div>\r\n                    <\/td>\r\n                    <td><\/td>\r\n                    <td><\/td>\r\n                    <td>\r\n                        <div class=\"dot-indirect\"><\/div>\r\n                    <\/td>\r\n                    <td>\r\n                        <div class=\"dot-direct\"><\/div>\r\n                    <\/td>\r\n                    <td><\/td>\r\n                    <td><\/td>\r\n                    <td><\/td>\r\n                    <td><\/td>\r\n                    <td><\/td>\r\n                    <td><\/td>\r\n                    <td><\/td>\r\n                    <td><\/td>\r\n                <\/tr>\r\n                <tr>\r\n                    <td>Gobierno corporativo<\/td>\r\n                    <td><\/td>\r\n                    <td><\/td>\r\n                    <td><\/td>\r\n                    <td><\/td>\r\n                    <td><\/td>\r\n                    <td><\/td>\r\n                    <td><\/td>\r\n                    <td>\r\n                        <div class=\"dot-direct\"><\/div>\r\n                    <\/td>\r\n                    <td><\/td>\r\n                    <td><\/td>\r\n                    <td><\/td>\r\n                    <td><\/td>\r\n                    <td><\/td>\r\n                    <td><\/td>\r\n                    <td><\/td>\r\n                    <td>\r\n                        <div class=\"dot-indirect\"><\/div>\r\n                    <\/td>\r\n                    <td>\r\n                        <div class=\"dot-direct\"><\/div>\r\n                    <\/td>\r\n                <\/tr>\r\n            <\/tbody>\r\n        <\/table>\r\n\r\n        <div class=\"matrix-legend\">\r\n            <div class=\"legend-item\">\r\n                <div class=\"dot-direct\"><\/div>\r\n                <span>ODS directamente relacionados<\/span>\r\n            <\/div>\r\n            <div class=\"legend-item\">\r\n                <div class=\"dot-indirect\"><\/div>\r\n                <span>ODS indirectamente relacionados<\/span>\r\n            <\/div>\r\n        <\/div>\r\n    <\/div>\r\n<\/div>\t\t\t\t<\/div>\n\t\t\t\t\t<\/div>\n\t\t\t\t<\/div>\n\t\t\t\t<\/div>","protected":false},"excerpt":{"rendered":"<p>Contribuci\u00f3n de Balsu Food a los Objetivos de Desarrollo Sostenible de las Naciones Unidas (ONU): Balsu Food ha vinculado sus estrategias de sostenibilidad y sus prioridades con los Objetivos de Desarrollo Sostenible (ODS) de las Naciones Unidas. En este contexto, se realiz\u00f3 un estudio de mapeo, teniendo en cuenta las \u00e1reas de m\u00e1xima prioridad y aline\u00e1ndolas con los ODS. Los ODS directamente relacionados con las prioridades de Balsu Food son: ODS 2: Fin del hambre; ODS 11: Ciudades y comunidades sostenibles; ODS\u2026<\/p>","protected":false},"author":1,"featured_media":0,"parent":0,"menu_order":0,"comment_status":"closed","ping_status":"closed","template":"","meta":{"footnotes":""},"class_list":["post-94691","page","type-page","status-publish","hentry"],"_links":{"self":[{"href":"https:\/\/www.balsugida.com\/es\/wp-json\/wp\/v2\/pages\/94691","targetHints":{"allow":["GET"]}}],"collection":[{"href":"https:\/\/www.balsugida.com\/es\/wp-json\/wp\/v2\/pages"}],"about":[{"href":"https:\/\/www.balsugida.com\/es\/wp-json\/wp\/v2\/types\/page"}],"author":[{"embeddable":true,"href":"https:\/\/www.balsugida.com\/es\/wp-json\/wp\/v2\/users\/1"}],"replies":[{"embeddable":true,"href":"https:\/\/www.balsugida.com\/es\/wp-json\/wp\/v2\/comments?post=94691"}],"version-history":[{"count":19,"href":"https:\/\/www.balsugida.com\/es\/wp-json\/wp\/v2\/pages\/94691\/revisions"}],"predecessor-version":[{"id":94732,"href":"https:\/\/www.balsugida.com\/es\/wp-json\/wp\/v2\/pages\/94691\/revisions\/94732"}],"wp:attachment":[{"href":"https:\/\/www.balsugida.com\/es\/wp-json\/wp\/v2\/media?parent=94691"}],"curies":[{"name":"wp","href":"https:\/\/api.w.org\/{rel}","templated":true}]}}