{"id":9048,"date":"2023-10-19T11:12:52","date_gmt":"2023-10-19T08:12:52","guid":{"rendered":"https:\/\/www.balsugida.com\/?page_id=9048"},"modified":"2025-01-10T16:15:39","modified_gmt":"2025-01-10T13:15:39","slug":"sirket-bilgileri","status":"publish","type":"page","link":"https:\/\/www.balsugida.com\/en\/sirket-bilgileri\/","title":{"rendered":"\u015eirket Bilgileri"},"content":{"rendered":"[vc_row type=&#8221;full_width_background&#8221; full_screen_row_position=&#8221;top&#8221; column_margin=&#8221;none&#8221; equal_height=&#8221;yes&#8221; content_placement=&#8221;top&#8221; column_direction=&#8221;default&#8221; column_direction_tablet=&#8221;default&#8221; column_direction_phone=&#8221;default&#8221; scene_position=&#8221;center&#8221; text_color=&#8221;dark&#8221; text_align=&#8221;left&#8221; row_border_radius=&#8221;none&#8221; row_border_radius_applies=&#8221;bg&#8221; id=&#8221;start&#8221; overlay_strength=&#8221;0.3&#8243; gradient_direction=&#8221;left_to_right&#8221; shape_divider_position=&#8221;bottom&#8221; bg_image_animation=&#8221;none&#8221; shape_type=&#8221;&#8221;][vc_column column_padding=&#8221;padding-7-percent&#8221; column_padding_tablet=&#8221;inherit&#8221; column_padding_phone=&#8221;inherit&#8221; column_padding_position=&#8221;top&#8221; background_color_opacity=&#8221;1&#8243; background_hover_color_opacity=&#8221;1&#8243; background_image=&#8221;6048&#8243; background_image_position=&#8221;center top&#8221; column_shadow=&#8221;none&#8221; column_border_radius=&#8221;none&#8221; column_link_target=&#8221;_self&#8221; gradient_direction=&#8221;left_to_right&#8221; overlay_strength=&#8221;0.3&#8243; width=&#8221;1\/5&#8243; tablet_width_inherit=&#8221;default&#8221; tablet_text_alignment=&#8221;default&#8221; phone_text_alignment=&#8221;default&#8221; column_border_width=&#8221;none&#8221; column_border_style=&#8221;solid&#8221; bg_image_animation=&#8221;none&#8221;][vc_column_text css=&#8221;.vc_custom_1610395538449{margin-top: 53px !important;margin-left: 38px !important;}&#8221;]\n<h4 style=\"color: #ffffff; line-height: 22px; text-align: left; font-family: 'neue' !important;\">TRADITION<\/h4>\n<p style=\"line-height: 22px; text-align: left;\"><a style=\"color: #ffffff; font-size: 16px;\" href=\"http:\/\/balsu.com.tr\/v2\/founders-letter\/\">Founder\u2019s Letter<\/a><br \/>\n<span style=\"color: #ffffff; line-height: 22px;\"><a style=\"color: #ffffff; font-size: 16px;\" href=\"http:\/\/balsu.com.tr\/v2\/corporate-social-responsibility\/\">Social Responsibility<\/a><\/span><\/p>\n<h4 style=\"color: #ffffff; line-height: 22px; text-align: left; font-family: 'neue' !important;\">TECHNOLOGY<\/h4>\n<p style=\"line-height: 22px; text-align: left;\"><span style=\"color: #ffffff; line-height: 22px;\"><a style=\"color: #ffffff; font-size: 16px; font-weight: bold;\" href=\"http:\/\/balsu.com.tr\/v2\/supply-chain-production\/\">&#8212; Supply Chain &#038; Production<\/a><\/span><br \/>\n<span style=\"color: #ffffff; line-height: 22px;\"><a style=\"color: #ffffff; font-size: 16px;\" href=\"http:\/\/balsu.com.tr\/v2\/quality\/\">Quality<\/a><\/span><\/p>\n<h4 style=\"color: #ffffff; line-height: 22px; text-align: left; font-family: 'neue' !important;\">SERVICE<\/h4>\n<p style=\"line-height: 22px; text-align: left;\"><span style=\"color: #ffffff; line-height: 22px;\"><a style=\"color: #ffffff; font-size: 16px;\" href=\"http:\/\/balsu.com.tr\/v2\/team\/\">Team<\/a><\/span><br \/>\n<span style=\"color: #ffffff; line-height: 22px;\"><a style=\"color: #ffffff; font-size: 16px;\" href=\"http:\/\/balsu.com.tr\/v2\/group\/\">Group<\/a><\/span><\/p>\n[\/vc_column_text][\/vc_column][vc_column column_padding=&#8221;padding-3-percent&#8221; column_padding_tablet=&#8221;inherit&#8221; column_padding_phone=&#8221;inherit&#8221; column_padding_position=&#8221;left-right&#8221; bottom_margin=&#8221;0&#8243; left_margin=&#8221;0&#8243; right_margin=&#8221;0&#8243; background_color_opacity=&#8221;1&#8243; background_hover_color_opacity=&#8221;1&#8243; column_shadow=&#8221;none&#8221; column_border_radius=&#8221;none&#8221; column_link_target=&#8221;_self&#8221; gradient_direction=&#8221;left_to_right&#8221; overlay_strength=&#8221;0.3&#8243; width=&#8221;4\/5&#8243; tablet_width_inherit=&#8221;default&#8221; tablet_text_alignment=&#8221;default&#8221; phone_text_alignment=&#8221;default&#8221; column_border_width=&#8221;none&#8221; column_border_style=&#8221;solid&#8221; bg_image_animation=&#8221;none&#8221;][vc_row_inner column_margin=&#8221;default&#8221; column_direction=&#8221;default&#8221; column_direction_tablet=&#8221;default&#8221; column_direction_phone=&#8221;default&#8221; text_align=&#8221;left&#8221;][vc_column_inner column_padding=&#8221;no-extra-padding&#8221; column_padding_tablet=&#8221;inherit&#8221; column_padding_phone=&#8221;inherit&#8221; column_padding_position=&#8221;all&#8221; top_margin=&#8221;33&#8243; bottom_margin=&#8221;-23&#8243; background_color_opacity=&#8221;1&#8243; background_hover_color_opacity=&#8221;1&#8243; column_shadow=&#8221;none&#8221; column_border_radius=&#8221;none&#8221; column_link_target=&#8221;_self&#8221; gradient_direction=&#8221;left_to_right&#8221; overlay_strength=&#8221;0.3&#8243; width=&#8221;1\/1&#8243; tablet_width_inherit=&#8221;default&#8221; column_border_width=&#8221;none&#8221; column_border_style=&#8221;solid&#8221; bg_image_animation=&#8221;none&#8221;][heading]<u>Ticari Sicil Bilgileri<\/u>[\/heading][\/vc_column_inner][\/vc_row_inner][vc_row_inner column_margin=&#8221;default&#8221; column_direction=&#8221;default&#8221; column_direction_tablet=&#8221;default&#8221; column_direction_phone=&#8221;default&#8221; text_align=&#8221;left&#8221;][vc_column_inner column_padding=&#8221;no-extra-padding&#8221; column_padding_tablet=&#8221;inherit&#8221; column_padding_phone=&#8221;inherit&#8221; column_padding_position=&#8221;all&#8221; top_margin=&#8221;33&#8243; background_color_opacity=&#8221;1&#8243; background_hover_color_opacity=&#8221;1&#8243; column_shadow=&#8221;none&#8221; column_border_radius=&#8221;none&#8221; column_link_target=&#8221;_self&#8221; gradient_direction=&#8221;left_to_right&#8221; overlay_strength=&#8221;0.3&#8243; width=&#8221;1\/1&#8243; tablet_width_inherit=&#8221;default&#8221; column_border_width=&#8221;none&#8221; column_border_style=&#8221;solid&#8221; bg_image_animation=&#8221;none&#8221;][vc_column_text css=&#8221;.vc_custom_1698150717846{margin-right: 16px !important;margin-bottom: 13px !important;}&#8221;]\n<div class=\"page\" title=\"Page 1\">\n<div class=\"layoutArea\">\n<div class=\"column\">\n<table width=\"645\">\n<tbody>\n<tr>\n<td width=\"231\">\n<h4><strong>Ticaret Unvan\u0131<\/strong><\/h4>\n<\/td>\n<td width=\"10\"><strong>:<\/strong><\/td>\n<td width=\"405\">Balsu G\u0131da Sanayi ve Ticaret A.\u015e.<\/td>\n<\/tr>\n<tr>\n<td width=\"231\"><strong>Merkez Adresi<\/strong><\/td>\n<td width=\"10\"><strong>:<\/strong><\/td>\n<td width=\"405\">Pa\u015fabah\u00e7e Mahallesi Cemal Bey Sokak No:11\/1<\/p>\n<p>Beykoz \/ \u0130stanbul<\/td>\n<\/tr>\n<tr>\n<td width=\"231\"><strong>Ticaret Sicil M\u00fcd\u00fcrl\u00fc\u011f\u00fc<\/strong><\/td>\n<td width=\"10\"><strong>:<\/strong><\/td>\n<td width=\"405\">\u0130stanbul Ticaret Sicil M\u00fcd\u00fcrl\u00fc\u011f\u00fc<\/td>\n<\/tr>\n<tr>\n<td width=\"231\"><strong>Ticaret Sicil Numaras\u0131<\/strong><\/td>\n<td width=\"10\"><strong>:<\/strong><\/td>\n<td width=\"405\">454238-0<\/td>\n<\/tr>\n<tr>\n<td width=\"231\"><strong>Vergi Dairesi<\/strong><\/td>\n<td width=\"10\"><strong>:<\/strong><\/td>\n<td width=\"405\">B\u00fcy\u00fck M\u00fckellefler Vergi Dairesi<\/td>\n<\/tr>\n<tr>\n<td width=\"231\"><strong>Vergi Numaras\u0131<\/strong><\/td>\n<td width=\"10\"><strong>:<\/strong><\/td>\n<td width=\"405\">1390127513<\/td>\n<\/tr>\n<tr>\n<td width=\"231\"><strong>Kurulu\u015f Tarihi<\/strong><\/td>\n<td width=\"10\"><strong>:<\/strong><\/td>\n<td width=\"405\">01.07.1985<\/td>\n<\/tr>\n<tr>\n<td width=\"231\"><strong>Faaliyet Konusu<\/strong><\/td>\n<td width=\"10\"><strong>:<\/strong><\/td>\n<td width=\"405\">G\u0131da<\/td>\n<\/tr>\n<\/tbody>\n<\/table>\n<\/div>\n<\/div>\n<\/div>\n[\/vc_column_text][\/vc_column_inner][\/vc_row_inner][vc_row_inner column_margin=&#8221;default&#8221; column_direction=&#8221;default&#8221; column_direction_tablet=&#8221;default&#8221; column_direction_phone=&#8221;default&#8221; text_align=&#8221;left&#8221;][vc_column_inner column_padding=&#8221;no-extra-padding&#8221; column_padding_tablet=&#8221;inherit&#8221; column_padding_phone=&#8221;inherit&#8221; column_padding_position=&#8221;all&#8221; top_margin=&#8221;33&#8243; bottom_margin=&#8221;-23&#8243; background_color_opacity=&#8221;1&#8243; background_hover_color_opacity=&#8221;1&#8243; column_shadow=&#8221;none&#8221; column_border_radius=&#8221;none&#8221; column_link_target=&#8221;_self&#8221; gradient_direction=&#8221;left_to_right&#8221; overlay_strength=&#8221;0.3&#8243; width=&#8221;1\/1&#8243; tablet_width_inherit=&#8221;default&#8221; column_border_width=&#8221;none&#8221; column_border_style=&#8221;solid&#8221; bg_image_animation=&#8221;none&#8221;][heading]<u>Ortakl\u0131k Yap\u0131s\u0131<\/u>[\/heading][\/vc_column_inner][\/vc_row_inner][vc_row_inner column_margin=&#8221;default&#8221; column_direction=&#8221;default&#8221; column_direction_tablet=&#8221;default&#8221; column_direction_phone=&#8221;default&#8221; text_align=&#8221;left&#8221;][vc_column_inner column_padding=&#8221;no-extra-padding&#8221; column_padding_tablet=&#8221;inherit&#8221; column_padding_phone=&#8221;inherit&#8221; column_padding_position=&#8221;all&#8221; top_margin=&#8221;33&#8243; background_color_opacity=&#8221;1&#8243; background_hover_color_opacity=&#8221;1&#8243; column_shadow=&#8221;none&#8221; column_border_radius=&#8221;none&#8221; column_link_target=&#8221;_self&#8221; gradient_direction=&#8221;left_to_right&#8221; overlay_strength=&#8221;0.3&#8243; width=&#8221;1\/1&#8243; tablet_width_inherit=&#8221;default&#8221; column_border_width=&#8221;none&#8221; column_border_style=&#8221;solid&#8221; bg_image_animation=&#8221;none&#8221;][vc_column_text css=&#8221;.vc_custom_1712065974782{margin-right: 16px !important;margin-bottom: 13px !important;}&#8221;]\n<table width=\"86%\">\n<tbody>\n<tr>\n<td rowspan=\"2\" width=\"49%\"><strong>Orta\u011f\u0131n Ticaret Unvan\u0131\/Ad\u0131 Soyad\u0131<\/strong><\/td>\n<td colspan=\"2\" width=\"50%\"><strong>Sermayedeki Pay\u0131<\/strong><\/td>\n<\/tr>\n<tr>\n<td width=\"27%\"><strong>Tutar (TL)<\/strong><\/td>\n<td width=\"23%\"><strong>Oran<\/strong><\/td>\n<\/tr>\n<tr>\n<td width=\"49%\">CZ Holding A.\u015e.<\/td>\n<td width=\"27%\">76.576.681<\/td>\n<td width=\"23%\">100,00%<\/td>\n<\/tr>\n<tr>\n<td width=\"49%\"><strong>TOPLAM<\/strong><\/td>\n<td width=\"27%\"><strong>76.576.681<\/strong><\/td>\n<td width=\"23%\"><strong>100,00%<\/strong><\/td>\n<\/tr>\n<\/tbody>\n<\/table>\n[\/vc_column_text][\/vc_column_inner][\/vc_row_inner][vc_row_inner equal_height=&#8221;yes&#8221; content_placement=&#8221;top&#8221; column_margin=&#8221;default&#8221; column_direction=&#8221;default&#8221; column_direction_tablet=&#8221;default&#8221; column_direction_phone=&#8221;default&#8221; text_align=&#8221;left&#8221;][vc_column_inner column_padding=&#8221;no-extra-padding&#8221; column_padding_tablet=&#8221;inherit&#8221; column_padding_phone=&#8221;inherit&#8221; column_padding_position=&#8221;top&#8221; background_color_opacity=&#8221;1&#8243; background_hover_color_opacity=&#8221;1&#8243; column_shadow=&#8221;none&#8221; column_border_radius=&#8221;none&#8221; column_link_target=&#8221;_self&#8221; gradient_direction=&#8221;left_to_right&#8221; overlay_strength=&#8221;0.3&#8243; width=&#8221;1\/4&#8243; tablet_width_inherit=&#8221;default&#8221; column_border_width=&#8221;none&#8221; column_border_style=&#8221;solid&#8221; bg_image_animation=&#8221;none&#8221;][vc_column_text]<span style=\"font-size: 12px;\">Copyright \u00a9 1978-2020<\/span>\u00a0\u00a0\u00a0\u00a0\u00a0[\/vc_column_text][\/vc_column_inner][vc_column_inner column_padding=&#8221;no-extra-padding&#8221; column_padding_tablet=&#8221;inherit&#8221; column_padding_phone=&#8221;inherit&#8221; column_padding_position=&#8221;all&#8221; background_color_opacity=&#8221;1&#8243; background_hover_color_opacity=&#8221;1&#8243; column_shadow=&#8221;none&#8221; column_border_radius=&#8221;none&#8221; column_link_target=&#8221;_self&#8221; gradient_direction=&#8221;left_to_right&#8221; overlay_strength=&#8221;0.3&#8243; width=&#8221;1\/2&#8243; tablet_width_inherit=&#8221;default&#8221; column_border_width=&#8221;none&#8221; column_border_style=&#8221;solid&#8221; bg_image_animation=&#8221;none&#8221;]<div class=\"iwithtext\"><div class=\"iwt-icon\"> <img src=\"https:\/\/www.balsugida.com\/wp-content\/uploads\/2020\/12\/Screen-Shot-2020-12-22-at-22.00.35.png\" alt=\"\" \/> <\/div><div class=\"iwt-text\"> <a style=\"font-size: 12px;\" href=\"#\">Download BALSU Catalog<\/a> <\/div><div class=\"clear\"><\/div><\/div>[\/vc_column_inner][vc_column_inner column_padding=&#8221;no-extra-padding&#8221; column_padding_tablet=&#8221;inherit&#8221; column_padding_phone=&#8221;inherit&#8221; column_padding_position=&#8221;all&#8221; background_color_opacity=&#8221;1&#8243; background_hover_color_opacity=&#8221;1&#8243; column_shadow=&#8221;none&#8221; column_border_radius=&#8221;none&#8221; column_link_target=&#8221;_self&#8221; gradient_direction=&#8221;left_to_right&#8221; overlay_strength=&#8221;0.3&#8243; width=&#8221;1\/4&#8243; tablet_width_inherit=&#8221;default&#8221; column_border_width=&#8221;none&#8221; column_border_style=&#8221;solid&#8221; bg_image_animation=&#8221;none&#8221;][\/vc_column_inner][\/vc_row_inner][\/vc_column][\/vc_row]\n","protected":false},"excerpt":{"rendered":"<p>[vc_row type=&#8221;full_width_background&#8221; full_screen_row_position=&#8221;top&#8221; column_margin=&#8221;none&#8221; equal_height=&#8221;yes&#8221; content_placement=&#8221;top&#8221; column_direction=&#8221;default&#8221; column_direction_tablet=&#8221;default&#8221; column_direction_phone=&#8221;default&#8221; scene_position=&#8221;center&#8221; text_color=&#8221;dark&#8221; text_align=&#8221;left&#8221; row_border_radius=&#8221;none&#8221; row_border_radius_applies=&#8221;bg&#8221; id=&#8221;start&#8221; overlay_strength=&#8221;0.3&#8243; gradient_direction=&#8221;left_to_right&#8221; shape_divider_position=&#8221;bottom&#8221; bg_image_animation=&#8221;none&#8221; shape_type=&#8221;&#8221;][vc_column column_padding=&#8221;padding-7-percent&#8221; column_padding_tablet=&#8221;inherit&#8221; column_padding_phone=&#8221;inherit&#8221; column_padding_position=&#8221;top&#8221; background_color_opacity=&#8221;1&#8243; background_hover_color_opacity=&#8221;1&#8243; background_image=&#8221;6048&#8243; background_image_position=&#8221;center top&#8221; column_shadow=&#8221;none&#8221;&#8230;<\/p>\n","protected":false},"author":1,"featured_media":0,"parent":0,"menu_order":0,"comment_status":"closed","ping_status":"closed","template":"","meta":[],"_links":{"self":[{"href":"https:\/\/www.balsugida.com\/en\/wp-json\/wp\/v2\/pages\/9048"}],"collection":[{"href":"https:\/\/www.balsugida.com\/en\/wp-json\/wp\/v2\/pages"}],"about":[{"href":"https:\/\/www.balsugida.com\/en\/wp-json\/wp\/v2\/types\/page"}],"author":[{"embeddable":true,"href":"https:\/\/www.balsugida.com\/en\/wp-json\/wp\/v2\/users\/1"}],"replies":[{"embeddable":true,"href":"https:\/\/www.balsugida.com\/en\/wp-json\/wp\/v2\/comments?post=9048"}],"version-history":[{"count":23,"href":"https:\/\/www.balsugida.com\/en\/wp-json\/wp\/v2\/pages\/9048\/revisions"}],"predecessor-version":[{"id":10315,"href":"https:\/\/www.balsugida.com\/en\/wp-json\/wp\/v2\/pages\/9048\/revisions\/10315"}],"wp:attachment":[{"href":"https:\/\/www.balsugida.com\/en\/wp-json\/wp\/v2\/media?parent=9048"}],"curies":[{"name":"wp","href":"https:\/\/api.w.org\/{rel}","templated":true}]}}