{"id":6871,"date":"2021-02-01T12:39:48","date_gmt":"2021-02-01T12:39:48","guid":{"rendered":"http:\/\/balsu.com.tr\/v2\/?page_id=6871"},"modified":"2021-02-09T11:03:50","modified_gmt":"2021-02-09T11:03:50","slug":"group-2","status":"publish","type":"page","link":"https:\/\/www.balsugida.com\/en\/group-2\/","title":{"rendered":"Balsu Zirai \u00dcr\u00fcnler Ticaret A.\u015e."},"content":{"rendered":"[vc_row type=&#8221;full_width_background&#8221; full_screen_row_position=&#8221;top&#8221; column_margin=&#8221;none&#8221; equal_height=&#8221;yes&#8221; content_placement=&#8221;top&#8221; column_direction=&#8221;default&#8221; column_direction_tablet=&#8221;default&#8221; column_direction_phone=&#8221;default&#8221; bg_image=&#8221;6922&#8243; bg_position=&#8221;left top&#8221; bg_repeat=&#8221;no-repeat&#8221; scene_position=&#8221;center&#8221; text_color=&#8221;dark&#8221; text_align=&#8221;left&#8221; row_border_radius=&#8221;none&#8221; row_border_radius_applies=&#8221;bg&#8221; id=&#8221;start&#8221; color_overlay=&#8221;#e5e5e5&#8243; overlay_strength=&#8221;0.8&#8243; gradient_direction=&#8221;left_to_right&#8221; shape_divider_position=&#8221;bottom&#8221; bg_image_animation=&#8221;none&#8221; shape_type=&#8221;&#8221;][vc_column column_padding=&#8221;padding-7-percent&#8221; column_padding_tablet=&#8221;inherit&#8221; column_padding_phone=&#8221;inherit&#8221; column_padding_position=&#8221;top&#8221; background_color_opacity=&#8221;1&#8243; background_hover_color_opacity=&#8221;1&#8243; background_image=&#8221;6048&#8243; background_image_position=&#8221;center top&#8221; column_shadow=&#8221;none&#8221; column_border_radius=&#8221;none&#8221; column_link_target=&#8221;_self&#8221; gradient_direction=&#8221;left_to_right&#8221; overlay_strength=&#8221;0.3&#8243; width=&#8221;1\/5&#8243; tablet_width_inherit=&#8221;default&#8221; tablet_text_alignment=&#8221;default&#8221; phone_text_alignment=&#8221;default&#8221; column_border_width=&#8221;none&#8221; column_border_style=&#8221;solid&#8221; bg_image_animation=&#8221;none&#8221;][vc_column_text css=&#8221;.vc_custom_1610395510225{margin-top: 53px !important;margin-left: 38px !important;}&#8221;]\n<h4 style=\"color: #ffffff; line-height: 22px; text-align: left; font-family: 'neue' !important;\">TRADITION<\/h4>\n<p style=\"line-height: 22px; text-align: left;\"><a style=\"color: #ffffff; font-size: 16px;\" href=\"http:\/\/balsu.com.tr\/v2\/founders-letter\/\">Founder\u2019s Letter<\/a><br \/>\n<span style=\"color: #ffffff; line-height: 22px;\"><a style=\"color: #ffffff; font-size: 16px;\" href=\"http:\/\/balsu.com.tr\/v2\/corporate-social-responsibility\/\">Social Responsibility<\/a><\/span><\/p>\n<h4 style=\"color: #ffffff; line-height: 22px; text-align: left; font-family: 'neue' !important;\">TECHNOLOGY<\/h4>\n<p style=\"line-height: 22px; text-align: left;\"><span style=\"color: #ffffff; line-height: 22px;\"><a style=\"color: #ffffff; font-size: 16px;\" href=\"http:\/\/balsu.com.tr\/v2\/supply-chain-production\/\">Supply Chain &amp; Production<\/a><\/span><br \/>\n<span style=\"color: #ffffff; line-height: 22px;\"><a style=\"color: #ffffff; font-size: 16px;\" href=\"http:\/\/balsu.com.tr\/v2\/quality\/\">Quality<\/a><\/span><\/p>\n<h4 style=\"color: #ffffff; line-height: 22px; text-align: left; font-family: 'neue' !important;\">SERVICE<\/h4>\n<p style=\"line-height: 22px; text-align: left;\"><span style=\"color: #ffffff; line-height: 22px;\"><a style=\"color: #ffffff; font-size: 16px;\" href=\"http:\/\/balsu.com.tr\/v2\/team\/\">Team<\/a><\/span><br \/>\n<span style=\"color: #ffffff; line-height: 22px;\"><a style=\"color: #ffffff; font-size: 16px; font-weight: bold;\" href=\"http:\/\/balsu.com.tr\/v2\/group\/\">&#8212; Group<\/a><\/span><\/p>\n[\/vc_column_text][\/vc_column][vc_column column_padding=&#8221;padding-3-percent&#8221; column_padding_tablet=&#8221;inherit&#8221; column_padding_phone=&#8221;inherit&#8221; column_padding_position=&#8221;left-right&#8221; top_margin=&#8221;0&#8243; bottom_margin=&#8221;203&#8243; right_margin=&#8221;0&#8243; background_color_opacity=&#8221;1&#8243; background_hover_color_opacity=&#8221;1&#8243; column_shadow=&#8221;none&#8221; column_border_radius=&#8221;none&#8221; column_link_target=&#8221;_self&#8221; gradient_direction=&#8221;left_to_right&#8221; overlay_strength=&#8221;0.3&#8243; width=&#8221;4\/5&#8243; tablet_width_inherit=&#8221;default&#8221; tablet_text_alignment=&#8221;default&#8221; phone_text_alignment=&#8221;default&#8221; column_border_width=&#8221;none&#8221; column_border_style=&#8221;solid&#8221; bg_image_animation=&#8221;none&#8221;][vc_column_text css=&#8221;.vc_custom_1612183186795{margin-top: 136px !important;}&#8221;]<a href=\"http:\/\/balsu.com.tr\/v2\/group\/\">Group<\/a> &#8211; <a href=\"http:\/\/balsu.com.tr\/v2\/group-2\/\"> <u>Group 2<\/u><\/a>[\/vc_column_text][vc_row_inner column_margin=&#8221;default&#8221; column_direction=&#8221;default&#8221; column_direction_tablet=&#8221;default&#8221; column_direction_phone=&#8221;default&#8221; top_padding=&#8221;38&#8243; bottom_padding=&#8221;500&#8243; text_align=&#8221;left&#8221;][vc_column_inner column_padding=&#8221;no-extra-padding&#8221; column_padding_tablet=&#8221;inherit&#8221; column_padding_phone=&#8221;inherit&#8221; column_padding_position=&#8221;all&#8221; background_color_opacity=&#8221;1&#8243; background_hover_color_opacity=&#8221;1&#8243; column_shadow=&#8221;none&#8221; column_border_radius=&#8221;none&#8221; column_link_target=&#8221;_self&#8221; gradient_direction=&#8221;left_to_right&#8221; overlay_strength=&#8221;0.3&#8243; width=&#8221;2\/5&#8243; tablet_width_inherit=&#8221;default&#8221; column_border_width=&#8221;none&#8221; column_border_style=&#8221;solid&#8221; bg_image_animation=&#8221;none&#8221;][vc_column_text]\n<p class=\"p1\"><b>Balsu Zirai \u00dcr\u00fcnler Ticaret A.\u015e. <\/b><\/p>\n[\/vc_column_text][\/vc_column_inner][vc_column_inner column_padding=&#8221;no-extra-padding&#8221; column_padding_tablet=&#8221;inherit&#8221; column_padding_phone=&#8221;inherit&#8221; column_padding_position=&#8221;all&#8221; background_color_opacity=&#8221;1&#8243; background_hover_color_opacity=&#8221;1&#8243; column_shadow=&#8221;none&#8221; column_border_radius=&#8221;none&#8221; column_link_target=&#8221;_self&#8221; gradient_direction=&#8221;left_to_right&#8221; overlay_strength=&#8221;0.3&#8243; width=&#8221;3\/5&#8243; tablet_width_inherit=&#8221;default&#8221; column_border_width=&#8221;none&#8221; column_border_style=&#8221;solid&#8221; bg_image_animation=&#8221;none&#8221;][vc_column_text]\n<p class=\"p1\">A 100% subsidary was established for sourcing hazelnuts inshell directly from farmers with branch in Ordu province and its surroundings.<br \/>\nBalsu Zirai employs highly qualified hazelnut experts in the industry and serves its suppliers on two different logistic centers, enabling to reach throughout Turkish regions.<br \/>\nHaving more than 700 suppliers, Balsu has a well-diversified supply chain.<br \/>\nBalsu Zirai employs more than 15 agricultural engineers in order to serve the farmers for sustainable, yield efficient production by adopting all modern farming techniques.\u00a0 Balsu has been working on mapping its supply chain in order to enhance traceability to serve its clients all the way back to the farms on sourcing.<\/p>\n[\/vc_column_text][\/vc_column_inner][\/vc_row_inner][vc_row_inner equal_height=&#8221;yes&#8221; content_placement=&#8221;top&#8221; column_margin=&#8221;default&#8221; column_direction=&#8221;default&#8221; column_direction_tablet=&#8221;default&#8221; column_direction_phone=&#8221;default&#8221; text_align=&#8221;left&#8221;][vc_column_inner column_padding=&#8221;no-extra-padding&#8221; column_padding_tablet=&#8221;inherit&#8221; column_padding_phone=&#8221;inherit&#8221; column_padding_position=&#8221;top&#8221; background_color_opacity=&#8221;1&#8243; background_hover_color_opacity=&#8221;1&#8243; column_shadow=&#8221;none&#8221; column_border_radius=&#8221;none&#8221; column_link_target=&#8221;_self&#8221; gradient_direction=&#8221;left_to_right&#8221; overlay_strength=&#8221;0.3&#8243; width=&#8221;1\/4&#8243; tablet_width_inherit=&#8221;default&#8221; column_border_width=&#8221;none&#8221; column_border_style=&#8221;solid&#8221; bg_image_animation=&#8221;none&#8221;][vc_column_text]<span style=\"font-size: 12px;\">Copyright \u00a9 1978-2020<\/span>\u00a0\u00a0\u00a0\u00a0\u00a0[\/vc_column_text][\/vc_column_inner][vc_column_inner column_padding=&#8221;no-extra-padding&#8221; column_padding_tablet=&#8221;inherit&#8221; column_padding_phone=&#8221;inherit&#8221; column_padding_position=&#8221;all&#8221; background_color_opacity=&#8221;1&#8243; background_hover_color_opacity=&#8221;1&#8243; column_shadow=&#8221;none&#8221; column_border_radius=&#8221;none&#8221; column_link_target=&#8221;_self&#8221; gradient_direction=&#8221;left_to_right&#8221; overlay_strength=&#8221;0.3&#8243; width=&#8221;1\/2&#8243; tablet_width_inherit=&#8221;default&#8221; column_border_width=&#8221;none&#8221; column_border_style=&#8221;solid&#8221; bg_image_animation=&#8221;none&#8221;]<div class=\"iwithtext\"><div class=\"iwt-icon\">  <\/div><div class=\"iwt-text\"> <a style=\"font-size: 12px;\" href=\"#\">Download BALSU Catalog<\/a> <\/div><div class=\"clear\"><\/div><\/div>[\/vc_column_inner][vc_column_inner column_padding=&#8221;no-extra-padding&#8221; column_padding_tablet=&#8221;inherit&#8221; column_padding_phone=&#8221;inherit&#8221; column_padding_position=&#8221;all&#8221; background_color_opacity=&#8221;1&#8243; background_hover_color_opacity=&#8221;1&#8243; column_shadow=&#8221;none&#8221; column_border_radius=&#8221;none&#8221; column_link_target=&#8221;_self&#8221; gradient_direction=&#8221;left_to_right&#8221; overlay_strength=&#8221;0.3&#8243; width=&#8221;1\/4&#8243; tablet_width_inherit=&#8221;default&#8221; column_border_width=&#8221;none&#8221; column_border_style=&#8221;solid&#8221; bg_image_animation=&#8221;none&#8221;][\/vc_column_inner][\/vc_row_inner][\/vc_column][\/vc_row]\n","protected":false},"excerpt":{"rendered":"<p>[vc_row type=&#8221;full_width_background&#8221; full_screen_row_position=&#8221;top&#8221; column_margin=&#8221;none&#8221; equal_height=&#8221;yes&#8221; content_placement=&#8221;top&#8221; column_direction=&#8221;default&#8221; column_direction_tablet=&#8221;default&#8221; column_direction_phone=&#8221;default&#8221; bg_image=&#8221;6922&#8243; bg_position=&#8221;left top&#8221; bg_repeat=&#8221;no-repeat&#8221; scene_position=&#8221;center&#8221; text_color=&#8221;dark&#8221; text_align=&#8221;left&#8221; row_border_radius=&#8221;none&#8221; row_border_radius_applies=&#8221;bg&#8221; id=&#8221;start&#8221; color_overlay=&#8221;#e5e5e5&#8243; overlay_strength=&#8221;0.8&#8243; gradient_direction=&#8221;left_to_right&#8221; shape_divider_position=&#8221;bottom&#8221; bg_image_animation=&#8221;none&#8221; shape_type=&#8221;&#8221;][vc_column column_padding=&#8221;padding-7-percent&#8221; column_padding_tablet=&#8221;inherit&#8221; column_padding_phone=&#8221;inherit&#8221; column_padding_position=&#8221;top&#8221; background_color_opacity=&#8221;1&#8243;&#8230;<\/p>\n","protected":false},"author":1,"featured_media":0,"parent":0,"menu_order":0,"comment_status":"closed","ping_status":"open","template":"","meta":[],"_links":{"self":[{"href":"https:\/\/www.balsugida.com\/en\/wp-json\/wp\/v2\/pages\/6871"}],"collection":[{"href":"https:\/\/www.balsugida.com\/en\/wp-json\/wp\/v2\/pages"}],"about":[{"href":"https:\/\/www.balsugida.com\/en\/wp-json\/wp\/v2\/types\/page"}],"author":[{"embeddable":true,"href":"https:\/\/www.balsugida.com\/en\/wp-json\/wp\/v2\/users\/1"}],"replies":[{"embeddable":true,"href":"https:\/\/www.balsugida.com\/en\/wp-json\/wp\/v2\/comments?post=6871"}],"version-history":[{"count":12,"href":"https:\/\/www.balsugida.com\/en\/wp-json\/wp\/v2\/pages\/6871\/revisions"}],"predecessor-version":[{"id":6977,"href":"https:\/\/www.balsugida.com\/en\/wp-json\/wp\/v2\/pages\/6871\/revisions\/6977"}],"wp:attachment":[{"href":"https:\/\/www.balsugida.com\/en\/wp-json\/wp\/v2\/media?parent=6871"}],"curies":[{"name":"wp","href":"https:\/\/api.w.org\/{rel}","templated":true}]}}