{"id":6862,"date":"2021-02-01T12:35:18","date_gmt":"2021-02-01T12:35:18","guid":{"rendered":"http:\/\/balsu.com.tr\/v2\/?page_id=6862"},"modified":"2022-04-27T16:59:35","modified_gmt":"2022-04-27T13:59:35","slug":"balsu-zirai-team","status":"publish","type":"page","link":"https:\/\/www.balsugida.com\/en\/balsu-zirai-team\/","title":{"rendered":"Balsu Zirai Team"},"content":{"rendered":"[vc_row type=&#8221;full_width_background&#8221; full_screen_row_position=&#8221;top&#8221; column_margin=&#8221;none&#8221; equal_height=&#8221;yes&#8221; content_placement=&#8221;top&#8221; column_direction=&#8221;default&#8221; column_direction_tablet=&#8221;default&#8221; column_direction_phone=&#8221;default&#8221; bg_image=&#8221;6922&#8243; bg_position=&#8221;left top&#8221; bg_repeat=&#8221;no-repeat&#8221; scene_position=&#8221;center&#8221; text_color=&#8221;dark&#8221; text_align=&#8221;left&#8221; row_border_radius=&#8221;none&#8221; row_border_radius_applies=&#8221;bg&#8221; id=&#8221;start&#8221; color_overlay=&#8221;#e5e5e5&#8243; overlay_strength=&#8221;0.8&#8243; gradient_direction=&#8221;left_to_right&#8221; shape_divider_position=&#8221;bottom&#8221; bg_image_animation=&#8221;none&#8221; shape_type=&#8221;&#8221;][vc_column column_padding=&#8221;padding-7-percent&#8221; column_padding_tablet=&#8221;inherit&#8221; column_padding_phone=&#8221;inherit&#8221; column_padding_position=&#8221;top&#8221; background_color_opacity=&#8221;1&#8243; background_hover_color_opacity=&#8221;1&#8243; background_image=&#8221;6048&#8243; background_image_position=&#8221;center top&#8221; column_shadow=&#8221;none&#8221; column_border_radius=&#8221;none&#8221; column_link_target=&#8221;_self&#8221; gradient_direction=&#8221;left_to_right&#8221; overlay_strength=&#8221;0.3&#8243; width=&#8221;1\/5&#8243; tablet_width_inherit=&#8221;default&#8221; tablet_text_alignment=&#8221;default&#8221; phone_text_alignment=&#8221;default&#8221; column_border_width=&#8221;none&#8221; column_border_style=&#8221;solid&#8221; bg_image_animation=&#8221;none&#8221;][vc_column_text css=&#8221;.vc_custom_1610627209486{margin-top: 53px !important;margin-left: 38px !important;}&#8221;]\n<h4 style=\"color: #ffffff; line-height: 22px; text-align: left;\">TRADITION<\/h4>\n<p style=\"line-height: 22px; text-align: left;\"><a style=\"color: #ffffff; font-size: 16px;\" href=\"http:\/\/balsu.com.tr\/v2\/founders-letter\/\">Founder\u2019s Letter<\/a><br \/>\n<span style=\"color: #ffffff; line-height: 22px;\"><a style=\"color: #ffffff; font-size: 16px;\" href=\"http:\/\/balsu.com.tr\/v2\/corporate-social-responsibility\/\">Social Responsibility<\/a><\/span><\/p>\n<h4 style=\"color: #ffffff; line-height: 22px; text-align: left;\">TECHNOLOGY<\/h4>\n<p style=\"line-height: 22px; text-align: left;\"><span style=\"color: #ffffff; line-height: 22px;\"><a style=\"color: #ffffff; font-size: 16px;\" href=\"http:\/\/balsu.com.tr\/v2\/supply-chain-production\/\">Supply Chain &#038; Production<\/a><\/span><br \/>\n<span style=\"color: #ffffff; line-height: 22px;\"><a style=\"color: #ffffff; font-size: 16px;\" href=\"http:\/\/balsu.com.tr\/v2\/quality\/\">Quality<\/a><\/span><\/p>\n<h4 style=\"color: #ffffff; line-height: 22px; text-align: left;\">SERVICE<\/h4>\n<p style=\"line-height: 22px; text-align: left;\"><span style=\"color: #ffffff; line-height: 22px;\"><a style=\"color: #ffffff; font-size: 16px; font-weight: bold;\" href=\"http:\/\/balsu.com.tr\/v2\/team\/\">&#8212; Team<\/a><\/span><br \/>\n<span style=\"color: #ffffff; line-height: 22px;\"><a style=\"color: #ffffff; font-size: 16px;\" href=\"http:\/\/balsu.com.tr\/v2\/group\/\">Group<\/a><\/span><\/p>\n[\/vc_column_text][\/vc_column][vc_column column_padding=&#8221;padding-3-percent&#8221; column_padding_tablet=&#8221;inherit&#8221; column_padding_phone=&#8221;inherit&#8221; column_padding_position=&#8221;left-right&#8221; top_margin=&#8221;0&#8243; bottom_margin=&#8221;38&#8243; left_margin=&#8221;0&#8243; right_margin=&#8221;0&#8243; background_color_opacity=&#8221;1&#8243; background_hover_color_opacity=&#8221;1&#8243; column_shadow=&#8221;none&#8221; column_border_radius=&#8221;none&#8221; column_link_target=&#8221;_self&#8221; gradient_direction=&#8221;left_to_right&#8221; overlay_strength=&#8221;0.3&#8243; width=&#8221;4\/5&#8243; tablet_width_inherit=&#8221;default&#8221; tablet_text_alignment=&#8221;default&#8221; phone_text_alignment=&#8221;default&#8221; column_border_width=&#8221;none&#8221; column_border_style=&#8221;solid&#8221; bg_image_animation=&#8221;none&#8221;][vc_column_text css=&#8221;.vc_custom_1612362041907{margin-top: 136px !important;}&#8221;]<a href=\"http:\/\/balsu.com.tr\/v2\/team\/\">Balsu Team<\/a> &#8211; <a href=\"http:\/\/balsu.com.tr\/v2\/balsu-zirai-team\/\"><u>Balsu Zirai Team<\/u><\/a>[\/vc_column_text][vc_row_inner equal_height=&#8221;yes&#8221; content_placement=&#8221;top&#8221; column_margin=&#8221;40px&#8221; column_direction=&#8221;default&#8221; column_direction_tablet=&#8221;default&#8221; column_direction_phone=&#8221;default&#8221; text_align=&#8221;left&#8221;][vc_column_inner column_padding=&#8221;no-extra-padding&#8221; column_padding_tablet=&#8221;inherit&#8221; column_padding_phone=&#8221;inherit&#8221; column_padding_position=&#8221;all&#8221; background_color_opacity=&#8221;1&#8243; background_hover_color_opacity=&#8221;1&#8243; column_shadow=&#8221;none&#8221; column_border_radius=&#8221;none&#8221; column_link_target=&#8221;_self&#8221; gradient_direction=&#8221;left_to_right&#8221; overlay_strength=&#8221;0.3&#8243; width=&#8221;1\/4&#8243; tablet_width_inherit=&#8221;default&#8221; column_border_width=&#8221;none&#8221; column_border_style=&#8221;solid&#8221; bg_image_animation=&#8221;none&#8221; enable_animation=&#8221;true&#8221; animation=&#8221;fade-in-from-bottom&#8221; delay=&#8221;50&#8243;][team_member image_url=&#8221;6357&#8243; team_memeber_style=&#8221;meta_below&#8221; link_element=&#8221;none&#8221; color=&#8221;Accent-Color&#8221; name=&#8221;\u00dczeyir K\u0131d\u0131k&#8221; job_position=&#8221;In the group since 1995; General Manager of Balsu Zirai \u00dcr\u00fcnler Ticaret A.\u015e. since 2019&#8243;][\/vc_column_inner][vc_column_inner column_padding=&#8221;no-extra-padding&#8221; column_padding_tablet=&#8221;inherit&#8221; column_padding_phone=&#8221;inherit&#8221; column_padding_position=&#8221;all&#8221; background_color_opacity=&#8221;1&#8243; background_hover_color_opacity=&#8221;1&#8243; column_shadow=&#8221;none&#8221; column_border_radius=&#8221;none&#8221; column_link_target=&#8221;_self&#8221; gradient_direction=&#8221;left_to_right&#8221; overlay_strength=&#8221;0.3&#8243; width=&#8221;1\/4&#8243; tablet_width_inherit=&#8221;default&#8221; column_border_width=&#8221;none&#8221; column_border_style=&#8221;solid&#8221; bg_image_animation=&#8221;none&#8221; enable_animation=&#8221;true&#8221; animation=&#8221;fade-in-from-bottom&#8221;][team_member image_url=&#8221;6915&#8243; team_memeber_style=&#8221;meta_below&#8221; link_element=&#8221;none&#8221; color=&#8221;Accent-Color&#8221; name=&#8221;Murat G\u00f6kdemir&#8221; job_position=&#8221;In the group since 1993 Deputy General Manager Responsible of Purchasing since 2020&#8243;][\/vc_column_inner][vc_column_inner column_padding=&#8221;no-extra-padding&#8221; column_padding_tablet=&#8221;inherit&#8221; column_padding_phone=&#8221;inherit&#8221; column_padding_position=&#8221;all&#8221; background_color_opacity=&#8221;1&#8243; background_hover_color_opacity=&#8221;1&#8243; column_shadow=&#8221;none&#8221; column_border_radius=&#8221;none&#8221; column_link_target=&#8221;_self&#8221; gradient_direction=&#8221;left_to_right&#8221; overlay_strength=&#8221;0.3&#8243; width=&#8221;1\/4&#8243; tablet_width_inherit=&#8221;default&#8221; column_border_width=&#8221;none&#8221; column_border_style=&#8221;solid&#8221; bg_image_animation=&#8221;none&#8221; enable_animation=&#8221;true&#8221; animation=&#8221;fade-in-from-bottom&#8221; delay=&#8221;100&#8243;][team_member team_memeber_style=&#8221;meta_below&#8221; link_element=&#8221;none&#8221; color=&#8221;Accent-Color&#8221; name=&#8221;Tuncer Deliba\u015f&#8221; job_position=&#8221;In the group since 2002; Deputy General Manager Responsible of Financial and Administrative Affairs since 2020&#8243;][\/vc_column_inner][vc_column_inner column_padding=&#8221;no-extra-padding&#8221; column_padding_tablet=&#8221;inherit&#8221; column_padding_phone=&#8221;inherit&#8221; column_padding_position=&#8221;all&#8221; background_color_opacity=&#8221;1&#8243; background_hover_color_opacity=&#8221;1&#8243; column_shadow=&#8221;none&#8221; column_border_radius=&#8221;none&#8221; column_link_target=&#8221;_self&#8221; gradient_direction=&#8221;left_to_right&#8221; overlay_strength=&#8221;0.3&#8243; width=&#8221;1\/4&#8243; tablet_width_inherit=&#8221;default&#8221; column_border_width=&#8221;none&#8221; column_border_style=&#8221;solid&#8221; bg_image_animation=&#8221;none&#8221;][\/vc_column_inner][\/vc_row_inner][vc_row_inner equal_height=&#8221;yes&#8221; content_placement=&#8221;top&#8221; column_margin=&#8221;default&#8221; column_direction=&#8221;default&#8221; column_direction_tablet=&#8221;default&#8221; column_direction_phone=&#8221;default&#8221; text_align=&#8221;left&#8221;][vc_column_inner column_padding=&#8221;no-extra-padding&#8221; column_padding_tablet=&#8221;inherit&#8221; column_padding_phone=&#8221;inherit&#8221; column_padding_position=&#8221;top&#8221; background_color_opacity=&#8221;1&#8243; background_hover_color_opacity=&#8221;1&#8243; column_shadow=&#8221;none&#8221; column_border_radius=&#8221;none&#8221; column_link_target=&#8221;_self&#8221; gradient_direction=&#8221;left_to_right&#8221; overlay_strength=&#8221;0.3&#8243; width=&#8221;1\/4&#8243; tablet_width_inherit=&#8221;default&#8221; column_border_width=&#8221;none&#8221; column_border_style=&#8221;solid&#8221; bg_image_animation=&#8221;none&#8221;][vc_column_text]<span style=\"font-size: 12px;\">Copyright \u00a9 1978-2020<\/span>\u00a0\u00a0\u00a0\u00a0\u00a0[\/vc_column_text][\/vc_column_inner][vc_column_inner column_padding=&#8221;no-extra-padding&#8221; column_padding_tablet=&#8221;inherit&#8221; column_padding_phone=&#8221;inherit&#8221; column_padding_position=&#8221;all&#8221; background_color_opacity=&#8221;1&#8243; background_hover_color_opacity=&#8221;1&#8243; column_shadow=&#8221;none&#8221; column_border_radius=&#8221;none&#8221; column_link_target=&#8221;_self&#8221; gradient_direction=&#8221;left_to_right&#8221; overlay_strength=&#8221;0.3&#8243; width=&#8221;1\/2&#8243; tablet_width_inherit=&#8221;default&#8221; column_border_width=&#8221;none&#8221; column_border_style=&#8221;solid&#8221; bg_image_animation=&#8221;none&#8221;]<div class=\"iwithtext\"><div class=\"iwt-icon\"> <img src=\"https:\/\/www.balsugida.com\/wp-content\/uploads\/2020\/12\/Screen-Shot-2020-12-22-at-22.00.35.png\" alt=\"\" \/> <\/div><div class=\"iwt-text\"> <a style=\"font-size: 12px;\" href=\"#\">Download BALSU Catalog<\/a> <\/div><div class=\"clear\"><\/div><\/div>[\/vc_column_inner][vc_column_inner column_padding=&#8221;no-extra-padding&#8221; column_padding_tablet=&#8221;inherit&#8221; column_padding_phone=&#8221;inherit&#8221; column_padding_position=&#8221;all&#8221; background_color_opacity=&#8221;1&#8243; background_hover_color_opacity=&#8221;1&#8243; column_shadow=&#8221;none&#8221; column_border_radius=&#8221;none&#8221; column_link_target=&#8221;_self&#8221; gradient_direction=&#8221;left_to_right&#8221; overlay_strength=&#8221;0.3&#8243; width=&#8221;1\/4&#8243; tablet_width_inherit=&#8221;default&#8221; column_border_width=&#8221;none&#8221; column_border_style=&#8221;solid&#8221; bg_image_animation=&#8221;none&#8221;][\/vc_column_inner][\/vc_row_inner][\/vc_column][\/vc_row]\n","protected":false},"excerpt":{"rendered":"<p>[vc_row type=&#8221;full_width_background&#8221; full_screen_row_position=&#8221;top&#8221; column_margin=&#8221;none&#8221; equal_height=&#8221;yes&#8221; content_placement=&#8221;top&#8221; column_direction=&#8221;default&#8221; column_direction_tablet=&#8221;default&#8221; column_direction_phone=&#8221;default&#8221; bg_image=&#8221;6922&#8243; bg_position=&#8221;left top&#8221; bg_repeat=&#8221;no-repeat&#8221; scene_position=&#8221;center&#8221; text_color=&#8221;dark&#8221; text_align=&#8221;left&#8221; row_border_radius=&#8221;none&#8221; row_border_radius_applies=&#8221;bg&#8221; id=&#8221;start&#8221; color_overlay=&#8221;#e5e5e5&#8243; overlay_strength=&#8221;0.8&#8243; gradient_direction=&#8221;left_to_right&#8221; shape_divider_position=&#8221;bottom&#8221; bg_image_animation=&#8221;none&#8221; shape_type=&#8221;&#8221;][vc_column column_padding=&#8221;padding-7-percent&#8221; column_padding_tablet=&#8221;inherit&#8221; column_padding_phone=&#8221;inherit&#8221; column_padding_position=&#8221;top&#8221; background_color_opacity=&#8221;1&#8243;&#8230;<\/p>\n","protected":false},"author":1,"featured_media":0,"parent":0,"menu_order":0,"comment_status":"closed","ping_status":"open","template":"","meta":[],"_links":{"self":[{"href":"https:\/\/www.balsugida.com\/en\/wp-json\/wp\/v2\/pages\/6862"}],"collection":[{"href":"https:\/\/www.balsugida.com\/en\/wp-json\/wp\/v2\/pages"}],"about":[{"href":"https:\/\/www.balsugida.com\/en\/wp-json\/wp\/v2\/types\/page"}],"author":[{"embeddable":true,"href":"https:\/\/www.balsugida.com\/en\/wp-json\/wp\/v2\/users\/1"}],"replies":[{"embeddable":true,"href":"https:\/\/www.balsugida.com\/en\/wp-json\/wp\/v2\/comments?post=6862"}],"version-history":[{"count":11,"href":"https:\/\/www.balsugida.com\/en\/wp-json\/wp\/v2\/pages\/6862\/revisions"}],"predecessor-version":[{"id":7999,"href":"https:\/\/www.balsugida.com\/en\/wp-json\/wp\/v2\/pages\/6862\/revisions\/7999"}],"wp:attachment":[{"href":"https:\/\/www.balsugida.com\/en\/wp-json\/wp\/v2\/media?parent=6862"}],"curies":[{"name":"wp","href":"https:\/\/api.w.org\/{rel}","templated":true}]}}